{"id":9870,"date":"2021-04-15T19:19:26","date_gmt":"2021-04-15T19:19:26","guid":{"rendered":"https:\/\/marbresrustey.com\/art-funerari-lapides"},"modified":"2026-03-03T13:39:34","modified_gmt":"2026-03-03T13:39:34","slug":"pierres-tombales-art-funeraire-gerone","status":"publish","type":"page","link":"https:\/\/marbresrustey.com\/fr\/pierres-tombales-art-funeraire-gerone","title":{"rendered":"PIERRES TOMBALES &#8211; ART FUN\u00c9RAIRE"},"content":{"rendered":"<p>[et_pb_section fb_built=\u00a0\u00bb1&Prime; _builder_version=\u00a0\u00bb4.16&Prime; background_image=\u00a0\u00bbhttps:\/\/marbresrustey.com\/wp-content\/uploads\/2021\/04\/cuines-marbres-rustey3-min.png\u00a0\u00bb custom_margin=\u00a0\u00bb|||\u00a0\u00bb custom_padding=\u00a0\u00bb56px||0px||false|false\u00a0\u00bb global_colors_info=\u00a0\u00bb{}\u00a0\u00bb][et_pb_row _builder_version=\u00a0\u00bb4.16&Prime; max_width=\u00a0\u00bb80%\u00a0\u00bb custom_margin=\u00a0\u00bb|||\u00a0\u00bb custom_padding=\u00a0\u00bb125px||34px||false|false\u00a0\u00bb use_custom_width=\u00a0\u00bbon\u00a0\u00bb width_unit=\u00a0\u00bboff\u00a0\u00bb global_colors_info=\u00a0\u00bb{}\u00a0\u00bb][et_pb_column type=\u00a0\u00bb4_4&Prime; _builder_version=\u00a0\u00bb4.16&Prime; custom_padding=\u00a0\u00bb|||\u00a0\u00bb global_colors_info=\u00a0\u00bb{}\u00a0\u00bb custom_padding__hover=\u00a0\u00bb|||\u00a0\u00bb][et_pb_text _builder_version=\u00a0\u00bb4.20.2&Prime; header_font=\u00a0\u00bb||||||||\u00a0\u00bb header_text_align=\u00a0\u00bbcenter\u00a0\u00bb header_text_color=\u00a0\u00bb#ffffff\u00a0\u00bb header_font_size=\u00a0\u00bb63px\u00a0\u00bb max_width=\u00a0\u00bb54.4%\u00a0\u00bb max_width_tablet=\u00a0\u00bb\u00a0\u00bb max_width_phone=\u00a0\u00bb\u00a0\u00bb max_width_last_edited=\u00a0\u00bbon|desktop\u00a0\u00bb module_alignment=\u00a0\u00bbcenter\u00a0\u00bb header_font_size_tablet=\u00a0\u00bb\u00a0\u00bb header_font_size_phone=\u00a0\u00bb48px\u00a0\u00bb header_font_size_last_edited=\u00a0\u00bbon|phone\u00a0\u00bb header_text_shadow_style=\u00a0\u00bbpreset3&Prime; header_text_shadow_horizontal_length=\u00a0\u00bb0.03em\u00a0\u00bb header_text_shadow_vertical_length=\u00a0\u00bb0.03em\u00a0\u00bb header_text_shadow_blur_strength=\u00a0\u00bb0.05em\u00a0\u00bb global_colors_info=\u00a0\u00bb{}\u00a0\u00bb]<\/p>\n<h1>PIERRES TOMBALES\u00a0 ART FUN\u00c9RAIRE<\/h1>\n<p>[\/et_pb_text][\/et_pb_column][\/et_pb_row][\/et_pb_section][et_pb_section fb_built=\u00a0\u00bb1&Prime; _builder_version=\u00a0\u00bb4.16&Prime; custom_padding=\u00a0\u00bb||4px|||\u00a0\u00bb global_colors_info=\u00a0\u00bb{}\u00a0\u00bb][et_pb_row column_structure=\u00a0\u00bb1_2,1_2&Prime; _builder_version=\u00a0\u00bb4.16&Prime; custom_padding=\u00a0\u00bb||89px|||\u00a0\u00bb global_colors_info=\u00a0\u00bb{}\u00a0\u00bb][et_pb_column type=\u00a0\u00bb1_2&Prime; _builder_version=\u00a0\u00bb4.16&Prime; custom_padding=\u00a0\u00bb|||\u00a0\u00bb global_colors_info=\u00a0\u00bb{}\u00a0\u00bb custom_padding__hover=\u00a0\u00bb|||\u00a0\u00bb][et_pb_text _builder_version=\u00a0\u00bb4.20.2&Prime; header_font=\u00a0\u00bb||||||||\u00a0\u00bb header_font_size=\u00a0\u00bb55px\u00a0\u00bb header_2_font=\u00a0\u00bb||||||||\u00a0\u00bb header_2_font_size=\u00a0\u00bb47px\u00a0\u00bb custom_margin=\u00a0\u00bb||35px|||\u00a0\u00bb header_2_font_size_tablet=\u00a0\u00bb\u00a0\u00bb header_2_font_size_phone=\u00a0\u00bb41px\u00a0\u00bb header_2_font_size_last_edited=\u00a0\u00bbon|phone\u00a0\u00bb global_colors_info=\u00a0\u00bb{}\u00a0\u00bb]<\/p>\n<h2><span class=\"aCOpRe\">Une tradition familiale<\/span><\/h2>\n<p>[\/et_pb_text][et_pb_text _builder_version=\u00a0\u00bb4.20.2&Prime; header_font=\u00a0\u00bb||||||||\u00a0\u00bb header_3_font=\u00a0\u00bb||||||||\u00a0\u00bb header_3_text_color=\u00a0\u00bb#ef4137&Prime; header_3_font_size=\u00a0\u00bb24px\u00a0\u00bb global_colors_info=\u00a0\u00bb{}\u00a0\u00bb]<\/p>\n<p>Marbres Rustey est une v\u00e9ritable tradition familiale et, en tant que telle, ses origines remontent \u00e0 plusieurs ann\u00e9es, lorsque le grand-p\u00e8re Miquel Rustey Barbosa gagnait sa vie en tant que sculpteur. Sa passion et son talent pour la sculpture l&rsquo;ont amen\u00e9 \u00e0 prendre part \u00e0 la r\u00e9alisation de diff\u00e9rents monuments artistiques et publics de notre ville et province. Parmi ceux-ci, nous pouvons souligner le monument du Lion sur la place du march\u00e9 de G\u00e9rone, le balcon de la mairie de G\u00e9rone, une sculpture \u00e0 Olot et la fontaine de Saint-Augustin \u00e0 G\u00e9rone, notamment.<\/p>\n<p>Son habilet\u00e9 dans ce m\u00e9tier lui a permis de gagner une renomm\u00e9e particuli\u00e8re pour la conception de pierres tombales. En 1959, il inscrit ainsi son entreprise \u00e0 la Chambre de commerce de G\u00e9rone. L\u2019utilisation de simples \u00e9tampes et la maitrise du compas \u00e0 pointe lui permettaient de reproduire les sc\u00e8nes sur le marbre avec une grande pr\u00e9cision, produisant ainsi des pi\u00e8ces uniques enti\u00e8rement r\u00e9alis\u00e9es \u00e0 la main. On peut trouver ses \u0153uvres sign\u00e9es dans les cimeti\u00e8res de la province de G\u00e9rone.<\/p>\n<p>Pedro Rustey y Pericot, son fils, a continu\u00e9 le m\u00e9tier de sculpteur et de graveur de pierres tombales, car c&rsquo;\u00e9tait une \u00e9poque de grande demande. Au sein du processus d&rsquo;\u00e9laboration, il a commenc\u00e9 \u00e0 combiner le travail encore manuel avec un syst\u00e8me assist\u00e9 m\u00e9caniquement pour ajouter des appliqu\u00e9s ou cr\u00e9er des reliefs. Aujourd&rsquo;hui, le fils de Pere, Xavier, \u00e0 la t\u00eate de la 3\u00e8me g\u00e9n\u00e9ration familiale, continue \u00e0 faire du travail du marbre son m\u00e9tier et sa passion.<\/p>\n<p>[\/et_pb_text][et_pb_button button_url=\u00a0\u00bbhttps:\/\/marbresrustey.com\/fr\/contact\u00a0\u00bb button_text=\u00a0\u00bbCONTACTEZ-NOUS\u00a0\u00bb _builder_version=\u00a0\u00bb4.20.2&Prime; _module_preset=\u00a0\u00bbdefault\u00a0\u00bb global_colors_info=\u00a0\u00bb{}\u00a0\u00bb][\/et_pb_button][\/et_pb_column][et_pb_column type=\u00a0\u00bb1_2&Prime; _builder_version=\u00a0\u00bb4.16&Prime; custom_padding=\u00a0\u00bb|||\u00a0\u00bb global_colors_info=\u00a0\u00bb{}\u00a0\u00bb custom_padding__hover=\u00a0\u00bb|||\u00a0\u00bb][et_pb_gallery gallery_ids=\u00a0\u00bb9714,9712,9715,9717&Prime; _builder_version=\u00a0\u00bb4.16&Prime; _module_preset=\u00a0\u00bbdefault\u00a0\u00bb custom_margin=\u00a0\u00bb||-5px|||\u00a0\u00bb global_colors_info=\u00a0\u00bb{}\u00a0\u00bb][\/et_pb_gallery][et_pb_gallery gallery_ids=\u00a0\u00bb9765,9766,9760,9752&Prime; _builder_version=\u00a0\u00bb4.16&Prime; _module_preset=\u00a0\u00bbdefault\u00a0\u00bb custom_margin=\u00a0\u00bb||-5px|||\u00a0\u00bb global_colors_info=\u00a0\u00bb{}\u00a0\u00bb][\/et_pb_gallery][et_pb_gallery gallery_ids=\u00a0\u00bb8987,8988,9011,9010&Prime; _builder_version=\u00a0\u00bb4.16&Prime; _module_preset=\u00a0\u00bbdefault\u00a0\u00bb global_colors_info=\u00a0\u00bb{}\u00a0\u00bb][\/et_pb_gallery][\/et_pb_column][\/et_pb_row][\/et_pb_section]<\/p>\n","protected":false},"excerpt":{"rendered":"<p>PIERRES TOMBALES&nbsp; ART FUN&Eacute;RAIREUne tradition familialeMarbres Rustey est une v&eacute;ritable tradition familiale et, en tant que telle, ses origines remontent &agrave; plusieurs ann&eacute;es, lorsque le grand-p&egrave;re Miquel Rustey Barbosa gagnait sa vie en tant que sculpteur. Sa passion et son talent pour la sculpture l&rsquo;ont amen&eacute; &agrave; prendre part &agrave; la r&eacute;alisation de diff&eacute;rents monuments [&hellip;]<\/p>\n","protected":false},"author":1,"featured_media":0,"parent":0,"menu_order":0,"comment_status":"closed","ping_status":"closed","template":"","meta":{"_et_pb_use_builder":"on","_et_pb_old_content":"","_et_gb_content_width":"","footnotes":""},"class_list":["post-9870","page","type-page","status-publish","hentry"],"yoast_head":"<!-- This site is optimized with the Yoast SEO plugin v27.4 - https:\/\/yoast.com\/product\/yoast-seo-wordpress\/ -->\n<title>Art fun\u00e9raire | Pierres tombales en marbre et granit \u00e0 G\u00e9rone<\/title>\n<meta name=\"description\" content=\"Conception de pierres tombales et art fun\u00e9raire \u00e0 G\u00e9rone. Consultez notre catalogue ou visitez notre showroom \u00e0 C\/ de Carme, 241, G\u00e9rone.\" \/>\n<meta name=\"robots\" content=\"index, follow, max-snippet:-1, max-image-preview:large, max-video-preview:-1\" \/>\n<link rel=\"canonical\" href=\"https:\/\/marbresrustey.com\/fr\/pierres-tombales-art-funeraire-gerone\" \/>\n<meta property=\"og:locale\" content=\"fr_FR\" \/>\n<meta property=\"og:type\" content=\"article\" \/>\n<meta property=\"og:title\" content=\"Art fun\u00e9raire | Pierres tombales en marbre et granit \u00e0 G\u00e9rone\" \/>\n<meta property=\"og:description\" content=\"Conception de pierres tombales et art fun\u00e9raire \u00e0 G\u00e9rone. Consultez notre catalogue ou visitez notre showroom \u00e0 C\/ de Carme, 241, G\u00e9rone.\" \/>\n<meta property=\"og:url\" content=\"https:\/\/marbresrustey.com\/fr\/pierres-tombales-art-funeraire-gerone\" \/>\n<meta property=\"og:site_name\" content=\"Marbres Rustey\" \/>\n<meta property=\"article:publisher\" content=\"https:\/\/www.facebook.com\/marbresrustey\" \/>\n<meta property=\"article:modified_time\" content=\"2026-03-03T13:39:34+00:00\" \/>\n<meta name=\"twitter:card\" content=\"summary_large_image\" \/>\n<meta name=\"twitter:label1\" content=\"Dur\u00e9e de lecture estim\u00e9e\" \/>\n\t<meta name=\"twitter:data1\" content=\"3 minutes\" \/>\n<script type=\"application\/ld+json\" class=\"yoast-schema-graph\">{\"@context\":\"https:\\\/\\\/schema.org\",\"@graph\":[{\"@type\":\"WebPage\",\"@id\":\"https:\\\/\\\/marbresrustey.com\\\/fr\\\/pierres-tombales-art-funeraire-gerone\",\"url\":\"https:\\\/\\\/marbresrustey.com\\\/fr\\\/pierres-tombales-art-funeraire-gerone\",\"name\":\"Art fun\u00e9raire | Pierres tombales en marbre et granit \u00e0 G\u00e9rone\",\"isPartOf\":{\"@id\":\"https:\\\/\\\/marbresrustey.com\\\/fr#website\"},\"datePublished\":\"2021-04-15T19:19:26+00:00\",\"dateModified\":\"2026-03-03T13:39:34+00:00\",\"description\":\"Conception de pierres tombales et art fun\u00e9raire \u00e0 G\u00e9rone. Consultez notre catalogue ou visitez notre showroom \u00e0 C\\\/ de Carme, 241, G\u00e9rone.\",\"breadcrumb\":{\"@id\":\"https:\\\/\\\/marbresrustey.com\\\/fr\\\/pierres-tombales-art-funeraire-gerone#breadcrumb\"},\"inLanguage\":\"fr-FR\",\"potentialAction\":[{\"@type\":\"ReadAction\",\"target\":[\"https:\\\/\\\/marbresrustey.com\\\/fr\\\/pierres-tombales-art-funeraire-gerone\"]}]},{\"@type\":\"BreadcrumbList\",\"@id\":\"https:\\\/\\\/marbresrustey.com\\\/fr\\\/pierres-tombales-art-funeraire-gerone#breadcrumb\",\"itemListElement\":[{\"@type\":\"ListItem\",\"position\":1,\"name\":\"Home\",\"item\":\"https:\\\/\\\/marbresrustey.com\\\/fr\\\/accueil\"},{\"@type\":\"ListItem\",\"position\":2,\"name\":\"PIERRES TOMBALES &#8211; ART FUN\u00c9RAIRE\"}]},{\"@type\":\"WebSite\",\"@id\":\"https:\\\/\\\/marbresrustey.com\\\/fr#website\",\"url\":\"https:\\\/\\\/marbresrustey.com\\\/fr\",\"name\":\"Marbres Rustey\",\"description\":\"Especialistes en el treball de la pedra natural, quars i granit\",\"publisher\":{\"@id\":\"https:\\\/\\\/marbresrustey.com\\\/fr#organization\"},\"potentialAction\":[{\"@type\":\"SearchAction\",\"target\":{\"@type\":\"EntryPoint\",\"urlTemplate\":\"https:\\\/\\\/marbresrustey.com\\\/fr?s={search_term_string}\"},\"query-input\":{\"@type\":\"PropertyValueSpecification\",\"valueRequired\":true,\"valueName\":\"search_term_string\"}}],\"inLanguage\":\"fr-FR\"},{\"@type\":\"Organization\",\"@id\":\"https:\\\/\\\/marbresrustey.com\\\/fr#organization\",\"name\":\"Marbres Rustey\",\"url\":\"https:\\\/\\\/marbresrustey.com\\\/fr\",\"logo\":{\"@type\":\"ImageObject\",\"inLanguage\":\"fr-FR\",\"@id\":\"https:\\\/\\\/marbresrustey.com\\\/fr#\\\/schema\\\/logo\\\/image\\\/\",\"url\":\"https:\\\/\\\/marbresrustey.com\\\/wp-content\\\/uploads\\\/2021\\\/03\\\/logo_rustey.png\",\"contentUrl\":\"https:\\\/\\\/marbresrustey.com\\\/wp-content\\\/uploads\\\/2021\\\/03\\\/logo_rustey.png\",\"width\":323,\"height\":81,\"caption\":\"Marbres Rustey\"},\"image\":{\"@id\":\"https:\\\/\\\/marbresrustey.com\\\/fr#\\\/schema\\\/logo\\\/image\\\/\"},\"sameAs\":[\"https:\\\/\\\/www.facebook.com\\\/marbresrustey\",\"https:\\\/\\\/www.instagram.com\\\/marbresrustey\"]}]}<\/script>\n<!-- \/ Yoast SEO plugin. -->","yoast_head_json":{"title":"Art fun\u00e9raire | Pierres tombales en marbre et granit \u00e0 G\u00e9rone","description":"Conception de pierres tombales et art fun\u00e9raire \u00e0 G\u00e9rone. Consultez notre catalogue ou visitez notre showroom \u00e0 C\/ de Carme, 241, G\u00e9rone.","robots":{"index":"index","follow":"follow","max-snippet":"max-snippet:-1","max-image-preview":"max-image-preview:large","max-video-preview":"max-video-preview:-1"},"canonical":"https:\/\/marbresrustey.com\/fr\/pierres-tombales-art-funeraire-gerone","og_locale":"fr_FR","og_type":"article","og_title":"Art fun\u00e9raire | Pierres tombales en marbre et granit \u00e0 G\u00e9rone","og_description":"Conception de pierres tombales et art fun\u00e9raire \u00e0 G\u00e9rone. Consultez notre catalogue ou visitez notre showroom \u00e0 C\/ de Carme, 241, G\u00e9rone.","og_url":"https:\/\/marbresrustey.com\/fr\/pierres-tombales-art-funeraire-gerone","og_site_name":"Marbres Rustey","article_publisher":"https:\/\/www.facebook.com\/marbresrustey","article_modified_time":"2026-03-03T13:39:34+00:00","twitter_card":"summary_large_image","twitter_misc":{"Dur\u00e9e de lecture estim\u00e9e":"3 minutes"},"schema":{"@context":"https:\/\/schema.org","@graph":[{"@type":"WebPage","@id":"https:\/\/marbresrustey.com\/fr\/pierres-tombales-art-funeraire-gerone","url":"https:\/\/marbresrustey.com\/fr\/pierres-tombales-art-funeraire-gerone","name":"Art fun\u00e9raire | Pierres tombales en marbre et granit \u00e0 G\u00e9rone","isPartOf":{"@id":"https:\/\/marbresrustey.com\/fr#website"},"datePublished":"2021-04-15T19:19:26+00:00","dateModified":"2026-03-03T13:39:34+00:00","description":"Conception de pierres tombales et art fun\u00e9raire \u00e0 G\u00e9rone. Consultez notre catalogue ou visitez notre showroom \u00e0 C\/ de Carme, 241, G\u00e9rone.","breadcrumb":{"@id":"https:\/\/marbresrustey.com\/fr\/pierres-tombales-art-funeraire-gerone#breadcrumb"},"inLanguage":"fr-FR","potentialAction":[{"@type":"ReadAction","target":["https:\/\/marbresrustey.com\/fr\/pierres-tombales-art-funeraire-gerone"]}]},{"@type":"BreadcrumbList","@id":"https:\/\/marbresrustey.com\/fr\/pierres-tombales-art-funeraire-gerone#breadcrumb","itemListElement":[{"@type":"ListItem","position":1,"name":"Home","item":"https:\/\/marbresrustey.com\/fr\/accueil"},{"@type":"ListItem","position":2,"name":"PIERRES TOMBALES &#8211; ART FUN\u00c9RAIRE"}]},{"@type":"WebSite","@id":"https:\/\/marbresrustey.com\/fr#website","url":"https:\/\/marbresrustey.com\/fr","name":"Marbres Rustey","description":"Especialistes en el treball de la pedra natural, quars i granit","publisher":{"@id":"https:\/\/marbresrustey.com\/fr#organization"},"potentialAction":[{"@type":"SearchAction","target":{"@type":"EntryPoint","urlTemplate":"https:\/\/marbresrustey.com\/fr?s={search_term_string}"},"query-input":{"@type":"PropertyValueSpecification","valueRequired":true,"valueName":"search_term_string"}}],"inLanguage":"fr-FR"},{"@type":"Organization","@id":"https:\/\/marbresrustey.com\/fr#organization","name":"Marbres Rustey","url":"https:\/\/marbresrustey.com\/fr","logo":{"@type":"ImageObject","inLanguage":"fr-FR","@id":"https:\/\/marbresrustey.com\/fr#\/schema\/logo\/image\/","url":"https:\/\/marbresrustey.com\/wp-content\/uploads\/2021\/03\/logo_rustey.png","contentUrl":"https:\/\/marbresrustey.com\/wp-content\/uploads\/2021\/03\/logo_rustey.png","width":323,"height":81,"caption":"Marbres Rustey"},"image":{"@id":"https:\/\/marbresrustey.com\/fr#\/schema\/logo\/image\/"},"sameAs":["https:\/\/www.facebook.com\/marbresrustey","https:\/\/www.instagram.com\/marbresrustey"]}]}},"_links":{"self":[{"href":"https:\/\/marbresrustey.com\/fr\/wp-json\/wp\/v2\/pages\/9870","targetHints":{"allow":["GET"]}}],"collection":[{"href":"https:\/\/marbresrustey.com\/fr\/wp-json\/wp\/v2\/pages"}],"about":[{"href":"https:\/\/marbresrustey.com\/fr\/wp-json\/wp\/v2\/types\/page"}],"author":[{"embeddable":true,"href":"https:\/\/marbresrustey.com\/fr\/wp-json\/wp\/v2\/users\/1"}],"replies":[{"embeddable":true,"href":"https:\/\/marbresrustey.com\/fr\/wp-json\/wp\/v2\/comments?post=9870"}],"version-history":[{"count":1,"href":"https:\/\/marbresrustey.com\/fr\/wp-json\/wp\/v2\/pages\/9870\/revisions"}],"predecessor-version":[{"id":10957,"href":"https:\/\/marbresrustey.com\/fr\/wp-json\/wp\/v2\/pages\/9870\/revisions\/10957"}],"wp:attachment":[{"href":"https:\/\/marbresrustey.com\/fr\/wp-json\/wp\/v2\/media?parent=9870"}],"curies":[{"name":"wp","href":"https:\/\/api.w.org\/{rel}","templated":true}]}}