{"id":9548,"date":"2023-01-12T14:36:51","date_gmt":"2023-01-12T14:36:51","guid":{"rendered":"https:\/\/marbresrustey.com\/actualitat"},"modified":"2024-05-10T08:49:50","modified_gmt":"2024-05-10T08:49:50","slug":"actualitat","status":"publish","type":"page","link":"https:\/\/marbresrustey.com\/es\/actualitat","title":{"rendered":"Actualidad"},"content":{"rendered":"<p>[et_pb_section fb_built=\u00bb1&#8243; _builder_version=\u00bb4.19.4&#8243; _module_preset=\u00bbdefault\u00bb global_colors_info=\u00bb{}\u00bb][et_pb_row _builder_version=\u00bb4.19.4&#8243; _module_preset=\u00bbdefault\u00bb global_colors_info=\u00bb{}\u00bb][et_pb_column type=\u00bb4_4&#8243; _builder_version=\u00bb4.19.4&#8243; _module_preset=\u00bbdefault\u00bb global_colors_info=\u00bb{}\u00bb][et_pb_blog_extras read_more_text=\u00bbLeer m\u00e1s\u00bb show_categories=\u00bboff\u00bb show_comments=\u00bboff\u00bb show_load_more=\u00bbon\u00bb pagination_type=\u00bboff\u00bb use_wp_pagenavi=\u00bbon\u00bb _builder_version=\u00bb4.19.4&#8243; _module_preset=\u00bbdefault\u00bb hover_enabled=\u00bb0&#8243; global_colors_info=\u00bb{}\u00bb sticky_enabled=\u00bb0&#8243;][\/et_pb_blog_extras][\/et_pb_column][\/et_pb_row][\/et_pb_section]<\/p>\n","protected":false},"excerpt":{"rendered":"","protected":false},"author":1,"featured_media":0,"parent":0,"menu_order":0,"comment_status":"closed","ping_status":"closed","template":"","meta":{"_et_pb_use_builder":"on","_et_pb_old_content":"","_et_gb_content_width":"","footnotes":""},"class_list":["post-9548","page","type-page","status-publish","hentry"],"yoast_head":"<!-- This site is optimized with the Yoast SEO plugin v27.3 - https:\/\/yoast.com\/product\/yoast-seo-wordpress\/ -->\n<title>Actualidad sobre la piedra natural, cuarzo y granito | Marbres Rustey<\/title>\n<meta name=\"description\" content=\"En Marbres Rutey somos especialistas en el trabajo de la piedra natural, cuarzo y granito. M\u00e1s de 70 a\u00f1os de experiencia en el trabajo del m\u00e1rmol.\" \/>\n<meta name=\"robots\" content=\"index, follow, max-snippet:-1, max-image-preview:large, max-video-preview:-1\" \/>\n<link rel=\"canonical\" href=\"https:\/\/marbresrustey.com\/es\/actualitat\" \/>\n<meta property=\"og:locale\" content=\"es_ES\" \/>\n<meta property=\"og:type\" content=\"article\" \/>\n<meta property=\"og:title\" content=\"Actualidad sobre la piedra natural, cuarzo y granito | Marbres Rustey\" \/>\n<meta property=\"og:description\" content=\"En Marbres Rutey somos especialistas en el trabajo de la piedra natural, cuarzo y granito. M\u00e1s de 70 a\u00f1os de experiencia en el trabajo del m\u00e1rmol.\" \/>\n<meta property=\"og:url\" content=\"https:\/\/marbresrustey.com\/es\/actualitat\" \/>\n<meta property=\"og:site_name\" content=\"Marbres Rustey\" \/>\n<meta property=\"article:publisher\" content=\"https:\/\/www.facebook.com\/marbresrustey\" \/>\n<meta property=\"article:modified_time\" content=\"2024-05-10T08:49:50+00:00\" \/>\n<meta name=\"twitter:card\" content=\"summary_large_image\" \/>\n<meta name=\"twitter:label1\" content=\"Tiempo de lectura\" \/>\n\t<meta name=\"twitter:data1\" content=\"1 minuto\" \/>\n<script type=\"application\/ld+json\" class=\"yoast-schema-graph\">{\"@context\":\"https:\\\/\\\/schema.org\",\"@graph\":[{\"@type\":\"WebPage\",\"@id\":\"https:\\\/\\\/marbresrustey.com\\\/es\\\/actualitat\",\"url\":\"https:\\\/\\\/marbresrustey.com\\\/es\\\/actualitat\",\"name\":\"Actualidad sobre la piedra natural, cuarzo y granito | Marbres Rustey\",\"isPartOf\":{\"@id\":\"https:\\\/\\\/marbresrustey.com\\\/es#website\"},\"datePublished\":\"2023-01-12T14:36:51+00:00\",\"dateModified\":\"2024-05-10T08:49:50+00:00\",\"description\":\"En Marbres Rutey somos especialistas en el trabajo de la piedra natural, cuarzo y granito. M\u00e1s de 70 a\u00f1os de experiencia en el trabajo del m\u00e1rmol.\",\"breadcrumb\":{\"@id\":\"https:\\\/\\\/marbresrustey.com\\\/es\\\/actualitat#breadcrumb\"},\"inLanguage\":\"es\",\"potentialAction\":[{\"@type\":\"ReadAction\",\"target\":[\"https:\\\/\\\/marbresrustey.com\\\/es\\\/actualitat\"]}]},{\"@type\":\"BreadcrumbList\",\"@id\":\"https:\\\/\\\/marbresrustey.com\\\/es\\\/actualitat#breadcrumb\",\"itemListElement\":[{\"@type\":\"ListItem\",\"position\":1,\"name\":\"Home\",\"item\":\"https:\\\/\\\/marbresrustey.com\\\/es\"},{\"@type\":\"ListItem\",\"position\":2,\"name\":\"Actualidad\"}]},{\"@type\":\"WebSite\",\"@id\":\"https:\\\/\\\/marbresrustey.com\\\/es#website\",\"url\":\"https:\\\/\\\/marbresrustey.com\\\/es\",\"name\":\"Marbres Rustey\",\"description\":\"Especialistes en el treball de la pedra natural, quars i granit\",\"publisher\":{\"@id\":\"https:\\\/\\\/marbresrustey.com\\\/es#organization\"},\"potentialAction\":[{\"@type\":\"SearchAction\",\"target\":{\"@type\":\"EntryPoint\",\"urlTemplate\":\"https:\\\/\\\/marbresrustey.com\\\/es?s={search_term_string}\"},\"query-input\":{\"@type\":\"PropertyValueSpecification\",\"valueRequired\":true,\"valueName\":\"search_term_string\"}}],\"inLanguage\":\"es\"},{\"@type\":\"Organization\",\"@id\":\"https:\\\/\\\/marbresrustey.com\\\/es#organization\",\"name\":\"Marbres Rustey\",\"url\":\"https:\\\/\\\/marbresrustey.com\\\/es\",\"logo\":{\"@type\":\"ImageObject\",\"inLanguage\":\"es\",\"@id\":\"https:\\\/\\\/marbresrustey.com\\\/es#\\\/schema\\\/logo\\\/image\\\/\",\"url\":\"https:\\\/\\\/marbresrustey.com\\\/wp-content\\\/uploads\\\/2021\\\/03\\\/logo_rustey.png\",\"contentUrl\":\"https:\\\/\\\/marbresrustey.com\\\/wp-content\\\/uploads\\\/2021\\\/03\\\/logo_rustey.png\",\"width\":323,\"height\":81,\"caption\":\"Marbres Rustey\"},\"image\":{\"@id\":\"https:\\\/\\\/marbresrustey.com\\\/es#\\\/schema\\\/logo\\\/image\\\/\"},\"sameAs\":[\"https:\\\/\\\/www.facebook.com\\\/marbresrustey\",\"https:\\\/\\\/www.instagram.com\\\/marbresrustey\"]}]}<\/script>\n<!-- \/ Yoast SEO plugin. -->","yoast_head_json":{"title":"Actualidad sobre la piedra natural, cuarzo y granito | Marbres Rustey","description":"En Marbres Rutey somos especialistas en el trabajo de la piedra natural, cuarzo y granito. M\u00e1s de 70 a\u00f1os de experiencia en el trabajo del m\u00e1rmol.","robots":{"index":"index","follow":"follow","max-snippet":"max-snippet:-1","max-image-preview":"max-image-preview:large","max-video-preview":"max-video-preview:-1"},"canonical":"https:\/\/marbresrustey.com\/es\/actualitat","og_locale":"es_ES","og_type":"article","og_title":"Actualidad sobre la piedra natural, cuarzo y granito | Marbres Rustey","og_description":"En Marbres Rutey somos especialistas en el trabajo de la piedra natural, cuarzo y granito. M\u00e1s de 70 a\u00f1os de experiencia en el trabajo del m\u00e1rmol.","og_url":"https:\/\/marbresrustey.com\/es\/actualitat","og_site_name":"Marbres Rustey","article_publisher":"https:\/\/www.facebook.com\/marbresrustey","article_modified_time":"2024-05-10T08:49:50+00:00","twitter_card":"summary_large_image","twitter_misc":{"Tiempo de lectura":"1 minuto"},"schema":{"@context":"https:\/\/schema.org","@graph":[{"@type":"WebPage","@id":"https:\/\/marbresrustey.com\/es\/actualitat","url":"https:\/\/marbresrustey.com\/es\/actualitat","name":"Actualidad sobre la piedra natural, cuarzo y granito | Marbres Rustey","isPartOf":{"@id":"https:\/\/marbresrustey.com\/es#website"},"datePublished":"2023-01-12T14:36:51+00:00","dateModified":"2024-05-10T08:49:50+00:00","description":"En Marbres Rutey somos especialistas en el trabajo de la piedra natural, cuarzo y granito. M\u00e1s de 70 a\u00f1os de experiencia en el trabajo del m\u00e1rmol.","breadcrumb":{"@id":"https:\/\/marbresrustey.com\/es\/actualitat#breadcrumb"},"inLanguage":"es","potentialAction":[{"@type":"ReadAction","target":["https:\/\/marbresrustey.com\/es\/actualitat"]}]},{"@type":"BreadcrumbList","@id":"https:\/\/marbresrustey.com\/es\/actualitat#breadcrumb","itemListElement":[{"@type":"ListItem","position":1,"name":"Home","item":"https:\/\/marbresrustey.com\/es"},{"@type":"ListItem","position":2,"name":"Actualidad"}]},{"@type":"WebSite","@id":"https:\/\/marbresrustey.com\/es#website","url":"https:\/\/marbresrustey.com\/es","name":"Marbres Rustey","description":"Especialistes en el treball de la pedra natural, quars i granit","publisher":{"@id":"https:\/\/marbresrustey.com\/es#organization"},"potentialAction":[{"@type":"SearchAction","target":{"@type":"EntryPoint","urlTemplate":"https:\/\/marbresrustey.com\/es?s={search_term_string}"},"query-input":{"@type":"PropertyValueSpecification","valueRequired":true,"valueName":"search_term_string"}}],"inLanguage":"es"},{"@type":"Organization","@id":"https:\/\/marbresrustey.com\/es#organization","name":"Marbres Rustey","url":"https:\/\/marbresrustey.com\/es","logo":{"@type":"ImageObject","inLanguage":"es","@id":"https:\/\/marbresrustey.com\/es#\/schema\/logo\/image\/","url":"https:\/\/marbresrustey.com\/wp-content\/uploads\/2021\/03\/logo_rustey.png","contentUrl":"https:\/\/marbresrustey.com\/wp-content\/uploads\/2021\/03\/logo_rustey.png","width":323,"height":81,"caption":"Marbres Rustey"},"image":{"@id":"https:\/\/marbresrustey.com\/es#\/schema\/logo\/image\/"},"sameAs":["https:\/\/www.facebook.com\/marbresrustey","https:\/\/www.instagram.com\/marbresrustey"]}]}},"_links":{"self":[{"href":"https:\/\/marbresrustey.com\/es\/wp-json\/wp\/v2\/pages\/9548","targetHints":{"allow":["GET"]}}],"collection":[{"href":"https:\/\/marbresrustey.com\/es\/wp-json\/wp\/v2\/pages"}],"about":[{"href":"https:\/\/marbresrustey.com\/es\/wp-json\/wp\/v2\/types\/page"}],"author":[{"embeddable":true,"href":"https:\/\/marbresrustey.com\/es\/wp-json\/wp\/v2\/users\/1"}],"replies":[{"embeddable":true,"href":"https:\/\/marbresrustey.com\/es\/wp-json\/wp\/v2\/comments?post=9548"}],"version-history":[{"count":0,"href":"https:\/\/marbresrustey.com\/es\/wp-json\/wp\/v2\/pages\/9548\/revisions"}],"wp:attachment":[{"href":"https:\/\/marbresrustey.com\/es\/wp-json\/wp\/v2\/media?parent=9548"}],"curies":[{"name":"wp","href":"https:\/\/api.w.org\/{rel}","templated":true}]}}