{"id":9214,"date":"2021-03-28T16:45:30","date_gmt":"2021-03-28T16:45:30","guid":{"rendered":"https:\/\/marbresrustey.com\/contacte"},"modified":"2026-03-03T13:28:15","modified_gmt":"2026-03-03T13:28:15","slug":"contacto","status":"publish","type":"page","link":"https:\/\/marbresrustey.com\/es\/contacto","title":{"rendered":"CONTACTO"},"content":{"rendered":"<p>[et_pb_section fb_built=\u00bb1&#8243; _builder_version=\u00bb4.16&#8243; use_background_color_gradient=\u00bbon\u00bb background_color_gradient_stops=\u00bbrgba(0,0,0,0) 0%|rgba(0,0,0,0) 100%\u00bb background_color_gradient_overlays_image=\u00bbon\u00bb background_color_gradient_start=\u00bbrgba(0,0,0,0)\u00bb background_color_gradient_end=\u00bbrgba(0,0,0,0)\u00bb background_image=\u00bbhttps:\/\/marbresrustey.com\/wp-content\/uploads\/2021\/04\/cuines-marbres-rustey1-min.png\u00bb background_position=\u00bbbottom_center\u00bb custom_margin=\u00bb|||\u00bb custom_padding=\u00bb||0px||false|false\u00bb global_colors_info=\u00bb{}\u00bb][et_pb_row _builder_version=\u00bb4.16&#8243; max_width=\u00bb80%\u00bb custom_margin=\u00bb|||\u00bb custom_padding=\u00bb125px||115px||false|false\u00bb use_custom_width=\u00bbon\u00bb width_unit=\u00bboff\u00bb global_colors_info=\u00bb{}\u00bb][et_pb_column type=\u00bb4_4&#8243; _builder_version=\u00bb4.16&#8243; custom_padding=\u00bb|||\u00bb global_colors_info=\u00bb{}\u00bb custom_padding__hover=\u00bb|||\u00bb][et_pb_text _builder_version=\u00bb4.16&#8243; header_font=\u00bb||||||||\u00bb header_text_align=\u00bbcenter\u00bb header_text_color=\u00bb#ffffff\u00bb header_font_size=\u00bb70px\u00bb max_width=\u00bb45%\u00bb max_width_tablet=\u00bb\u00bb max_width_phone=\u00bb\u00bb max_width_last_edited=\u00bbon|desktop\u00bb module_alignment=\u00bbcenter\u00bb header_font_size_tablet=\u00bb\u00bb header_font_size_phone=\u00bb48px\u00bb header_font_size_last_edited=\u00bbon|phone\u00bb header_text_shadow_style=\u00bbpreset3&#8243; header_text_shadow_horizontal_length=\u00bb0.03em\u00bb header_text_shadow_vertical_length=\u00bb0.03em\u00bb header_text_shadow_blur_strength=\u00bb0.05em\u00bb global_colors_info=\u00bb{}\u00bb]<\/p>\n<h1>Contacto<\/h1>\n<p>[\/et_pb_text][\/et_pb_column][\/et_pb_row][\/et_pb_section][et_pb_section fb_built=\u00bb1&#8243; _builder_version=\u00bb4.16&#8243; custom_padding=\u00bb||3px|||\u00bb global_colors_info=\u00bb{}\u00bb][et_pb_row custom_padding_last_edited=\u00bbon|tablet\u00bb _builder_version=\u00bb4.16&#8243; custom_padding=\u00bb31px|0|31px|0px|false|false\u00bb custom_padding_tablet=\u00bb||0px|\u00bb custom_padding_phone=\u00bb||0px|\u00bb global_colors_info=\u00bb{}\u00bb][et_pb_column type=\u00bb4_4&#8243; _builder_version=\u00bb4.16&#8243; custom_padding=\u00bb|||\u00bb global_colors_info=\u00bb{}\u00bb custom_padding__hover=\u00bb|||\u00bb][et_pb_text _builder_version=\u00bb4.16&#8243; header_font=\u00bb||||||||\u00bb header_2_font=\u00bb||||||||\u00bb header_2_text_align=\u00bbcenter\u00bb header_2_text_color=\u00bb#000000&#8243; background_color_gradient_direction=\u00bb114deg\u00bb module_alignment=\u00bbcenter\u00bb custom_padding=\u00bb|||\u00bb header_2_font_size_tablet=\u00bb\u00bb header_2_font_size_phone=\u00bb40px\u00bb header_2_font_size_last_edited=\u00bbon|phone\u00bb global_colors_info=\u00bb{}\u00bb]<\/p>\n<h2>\u00bfEn qu\u00e9 podemos ayudarte?<\/h2>\n<p>[\/et_pb_text][et_pb_text _builder_version=\u00bb4.16&#8243; max_width=\u00bb60%\u00bb max_width_tablet=\u00bb\u00bb max_width_phone=\u00bb\u00bb max_width_last_edited=\u00bbon|tablet\u00bb module_alignment=\u00bbcenter\u00bb global_colors_info=\u00bb{}\u00bb]<\/p>\n<p style=\"text-align: center;\">Estamos a tu disposici\u00f3n para resolver cualquier duda sobre nuestros productos y materiales. Si quieres recibir m\u00e1s informaci\u00f3n, puedes utilizar el siguiente formulario de contacto y nos pondremos en contacto contigo lo antes posible.<\/p>\n<p>[\/et_pb_text][\/et_pb_column][\/et_pb_row][et_pb_row column_structure=\u00bb2_3,1_3&#8243; _builder_version=\u00bb4.16&#8243; global_colors_info=\u00bb{}\u00bb][et_pb_column type=\u00bb2_3&#8243; _builder_version=\u00bb4.16&#8243; custom_padding=\u00bb|||\u00bb global_colors_info=\u00bb{}\u00bb custom_padding__hover=\u00bb|||\u00bb][et_pb_text _builder_version=\u00bb4.16&#8243; _module_preset=\u00bbdefault\u00bb global_colors_info=\u00bb{}\u00bb]<\/p>\n\n<div class=\"wpcf7 no-js\" id=\"wpcf7-f9227-o1\" lang=\"es-ES\" dir=\"ltr\" data-wpcf7-id=\"9227\">\n<div class=\"screen-reader-response\"><p role=\"status\" aria-live=\"polite\" aria-atomic=\"true\"><\/p> <ul><\/ul><\/div>\n<form action=\"\/es\/wp-json\/wp\/v2\/pages\/9214#wpcf7-f9227-o1\" method=\"post\" class=\"wpcf7-form init\" aria-label=\"Formulario de contacto\" novalidate=\"novalidate\" data-status=\"init\">\n<fieldset class=\"hidden-fields-container\"><input type=\"hidden\" name=\"_wpcf7\" value=\"9227\" \/><input type=\"hidden\" name=\"_wpcf7_version\" value=\"6.1.5\" \/><input type=\"hidden\" name=\"_wpcf7_locale\" value=\"es_ES\" \/><input type=\"hidden\" name=\"_wpcf7_unit_tag\" value=\"wpcf7-f9227-o1\" \/><input type=\"hidden\" name=\"_wpcf7_container_post\" value=\"0\" \/><input type=\"hidden\" name=\"_wpcf7_posted_data_hash\" value=\"\" \/><input type=\"hidden\" name=\"_wpcf7_recaptcha_response\" value=\"\" \/>\n<\/fieldset>\n<p><label> Nombre (requerido)<br \/>\n<span class=\"wpcf7-form-control-wrap\" data-name=\"your-name\"><input size=\"40\" maxlength=\"400\" class=\"wpcf7-form-control wpcf7-text wpcf7-validates-as-required\" aria-required=\"true\" aria-invalid=\"false\" value=\"\" type=\"text\" name=\"your-name\" \/><\/span> <\/label>\n<\/p>\n<p><label> Email (requerido)<br \/>\n<span class=\"wpcf7-form-control-wrap\" data-name=\"your-email\"><input size=\"40\" maxlength=\"400\" class=\"wpcf7-form-control wpcf7-email wpcf7-validates-as-required wpcf7-text wpcf7-validates-as-email\" aria-required=\"true\" aria-invalid=\"false\" value=\"\" type=\"email\" name=\"your-email\" \/><\/span> <\/label>\n<\/p>\n<p><label> Asunto (requerido)<br \/>\n<span class=\"wpcf7-form-control-wrap\" data-name=\"your-subject\"><input size=\"40\" maxlength=\"400\" class=\"wpcf7-form-control wpcf7-text wpcf7-validates-as-required\" aria-required=\"true\" aria-invalid=\"false\" value=\"\" type=\"text\" name=\"your-subject\" \/><\/span> <\/label>\n<\/p>\n<p><label> Mensaje (requerido)<br \/>\n<span class=\"wpcf7-form-control-wrap\" data-name=\"your-message\"><textarea cols=\"40\" rows=\"10\" maxlength=\"2000\" class=\"wpcf7-form-control wpcf7-textarea\" aria-invalid=\"false\" name=\"your-message\"><\/textarea><\/span> <\/label>\n<\/p>\n<p>&nbsp;<br \/>\n<span class=\"wpcf7-form-control-wrap recaptcha\" data-name=\"recaptcha\"><span data-sitekey=\"6LcZCq8aAAAAAK8gghVNlixB_vsSC3Ops3mDnrTe\" class=\"wpcf7-form-control wpcf7-recaptcha g-recaptcha\"><\/span>\r\n<noscript>\r\n\t<div class=\"grecaptcha-noscript\">\r\n\t\t<iframe loading=\"lazy\" src=\"https:\/\/www.google.com\/recaptcha\/api\/fallback?k=6LcZCq8aAAAAAK8gghVNlixB_vsSC3Ops3mDnrTe\" frameborder=\"0\" scrolling=\"no\" width=\"310\" height=\"430\">\r\n\t\t<\/iframe>\r\n\t\t<textarea name=\"g-recaptcha-response\" rows=\"3\" cols=\"40\" placeholder=\"Aqu\u00ed la respuesta de reCAPTCHA\">\r\n\t\t<\/textarea>\r\n\t<\/div>\r\n<\/noscript>\r\n<\/span>\n<\/p>\n<p>&nbsp;<br \/>\n<span class=\"wpcf7-form-control-wrap\" data-name=\"acceptance-101\"><span class=\"wpcf7-form-control wpcf7-acceptance optional\"><span class=\"wpcf7-list-item\"><input type=\"checkbox\" name=\"acceptance-101\" value=\"1\" aria-invalid=\"false\" \/><\/span><\/span><\/span> He le\u00eddo y acepto la <a target=\"_blank\" rel=\"nofollow noopener noreferrer\" href=\"https:\/\/marbresrustey.com\/privacidad\/\">Pol\u00edtica de privacidad<\/a>.\n<\/p>\n<p><input class=\"wpcf7-form-control wpcf7-submit has-spinner\" type=\"submit\" value=\"Enviar\" \/>\n<\/p><div class=\"wpcf7-response-output\" aria-hidden=\"true\"><\/div>\n<\/form>\n<\/div>\n\n<p>[\/et_pb_text][\/et_pb_column][et_pb_column type=\u00bb1_3&#8243; _builder_version=\u00bb4.16&#8243; custom_padding=\u00bb|||\u00bb global_colors_info=\u00bb{}\u00bb custom_padding__hover=\u00bb|||\u00bb][et_pb_image src=\u00bbhttps:\/\/marbresrustey.com\/wp-content\/uploads\/2021\/03\/logo_rustey.png\u00bb title_text=\u00bblogo_rustey\u00bb _builder_version=\u00bb4.16&#8243; _module_preset=\u00bbdefault\u00bb width=\u00bb62%\u00bb max_width=\u00bb100%\u00bb global_colors_info=\u00bb{}\u00bb][\/et_pb_image][et_pb_text _builder_version=\u00bb4.17.4&#8243; text_font=\u00bb||||||||\u00bb text_font_size=\u00bb15px\u00bb custom_margin=\u00bb||-2px|||\u00bb global_colors_info=\u00bb{}\u00bb]<\/p>\n<p><strong>MARBRES RUSTEY<\/strong><\/p>\n<p>C\/ Mas Ramada, 9<br \/>17004 Girona<br \/>Tel. +34 972 222 606<br \/>M\u00f2bil: +34 672 274 949<br \/>email: <a href=\"mailto:marbresrustey@marbresrustey.com\">marbresrustey@marbresrustey.com<\/a><\/p>\n<p><strong>HORARIO TALLER<br \/><\/strong><\/p>\n<p>Lunes a Viernes<br \/>07:00 h &#8211;\u00a0 15:00 h<\/p>\n<p>(Visitas a horas convenidas)<\/p>\n<p><strong>HORARIO OFICINA<\/strong><br \/>09:00 h &#8211; 14:00 h<\/p>\n<p>&nbsp;<\/p>\n<p>[\/et_pb_text][et_pb_social_media_follow _builder_version=\u00bb4.16&#8243; _module_preset=\u00bbdefault\u00bb custom_margin=\u00bb||10px|||\u00bb global_colors_info=\u00bb{}\u00bb][et_pb_social_media_follow_network social_network=\u00bbfacebook\u00bb url=\u00bbhttps:\/\/www.facebook.com\/marbresrustey\u00bb _builder_version=\u00bb4.16&#8243; _module_preset=\u00bbdefault\u00bb background_color=\u00bb#3b5998&#8243; global_colors_info=\u00bb{}\u00bb follow_button=\u00bboff\u00bb url_new_window=\u00bbon\u00bb]facebook[\/et_pb_social_media_follow_network][et_pb_social_media_follow_network social_network=\u00bbinstagram\u00bb url=\u00bbhttps:\/\/www.instagram.com\/marbresrustey\u00bb _builder_version=\u00bb4.16&#8243; _module_preset=\u00bbdefault\u00bb background_color=\u00bb#ea2c59&#8243; global_colors_info=\u00bb{}\u00bb follow_button=\u00bboff\u00bb url_new_window=\u00bbon\u00bb]instagram[\/et_pb_social_media_follow_network][\/et_pb_social_media_follow][et_pb_text _builder_version=\u00bb4.16&#8243; _module_preset=\u00bbdefault\u00bb text_font_size=\u00bb15px\u00bb global_colors_info=\u00bb{}\u00bb]<\/p>\n<p>S\u00edguenos en las Redes Sociales!<\/p>\n<p>[\/et_pb_text][\/et_pb_column][\/et_pb_row][\/et_pb_section][et_pb_section fb_built=\u00bb1&#8243; _builder_version=\u00bb4.16&#8243; _module_preset=\u00bbdefault\u00bb custom_padding=\u00bb0px||2px|||\u00bb global_colors_info=\u00bb{}\u00bb][et_pb_row _builder_version=\u00bb4.16&#8243; _module_preset=\u00bbdefault\u00bb global_colors_info=\u00bb{}\u00bb][et_pb_column type=\u00bb4_4&#8243; _builder_version=\u00bb4.16&#8243; _module_preset=\u00bbdefault\u00bb global_colors_info=\u00bb{}\u00bb][et_pb_text _builder_version=\u00bb4.16&#8243; _module_preset=\u00bbdefault\u00bb global_colors_info=\u00bb{}\u00bb]<\/p>\n<p style=\"text-align: center;\">Introduce tu direcci\u00f3n exacta en Google Maps y encuentra la mejor ruta para llegar a nuestra localizaci\u00f3n<\/p>\n<p>[\/et_pb_text][\/et_pb_column][\/et_pb_row][\/et_pb_section][et_pb_section fb_built=\u00bb1&#8243; _builder_version=\u00bb4.16&#8243; _module_preset=\u00bbdefault\u00bb custom_padding=\u00bb0px|||||\u00bb global_colors_info=\u00bb{}\u00bb][et_pb_row _builder_version=\u00bb4.16&#8243; _module_preset=\u00bbdefault\u00bb global_colors_info=\u00bb{}\u00bb][et_pb_column type=\u00bb4_4&#8243; _builder_version=\u00bb4.16&#8243; _module_preset=\u00bbdefault\u00bb global_colors_info=\u00bb{}\u00bb][et_pb_text _builder_version=\u00bb4.16&#8243; _module_preset=\u00bbdefault\u00bb global_colors_info=\u00bb{}\u00bb]<iframe src=\"https:\/\/www.google.com\/maps\/embed?pb=!1m14!1m8!1m3!1d16068.73900969632!2d2.8236144294637557!3d41.971472054402675!3m2!1i1024!2i768!4f13.1!3m3!1m2!1s0x0%3A0x451623bfae8f7aa1!2sLapides%20I%20Marbres%20Rustey%20S.L.!5e0!3m2!1ses!2ses!4v1616969171484!5m2!1ses!2ses\" width=\"1240\" height=\"600\" style=\"border:0;\" allowfullscreen=\"\" loading=\"lazy\"><\/iframe>[\/et_pb_text][\/et_pb_column][\/et_pb_row][\/et_pb_section]<\/p>\n","protected":false},"excerpt":{"rendered":"<p>Contacto&iquest;En qu&eacute; podemos ayudarte?Estamos a tu disposici&oacute;n para resolver cualquier duda sobre nuestros productos y materiales. Si quieres recibir m&aacute;s informaci&oacute;n, puedes utilizar el siguiente formulario de contacto y nos pondremos en contacto contigo lo antes posible.\n<div class=\"wpcf7 no-js\" id=\"wpcf7-f9227-o2\" lang=\"es-ES\" dir=\"ltr\" data-wpcf7-id=\"9227\">\n<div class=\"screen-reader-response\"><p role=\"status\" aria-live=\"polite\" aria-atomic=\"true\"><\/p> <ul><\/ul><\/div>\n<form action=\"\/es\/wp-json\/wp\/v2\/pages\/9214#wpcf7-f9227-o2\" method=\"post\" class=\"wpcf7-form init\" aria-label=\"Formulario de contacto\" novalidate=\"novalidate\" data-status=\"init\">\n<fieldset class=\"hidden-fields-container\"><input type=\"hidden\" name=\"_wpcf7\" value=\"9227\" \/><input type=\"hidden\" name=\"_wpcf7_version\" value=\"6.1.5\" \/><input type=\"hidden\" name=\"_wpcf7_locale\" value=\"es_ES\" \/><input type=\"hidden\" name=\"_wpcf7_unit_tag\" value=\"wpcf7-f9227-o2\" \/><input type=\"hidden\" name=\"_wpcf7_container_post\" value=\"0\" \/><input type=\"hidden\" name=\"_wpcf7_posted_data_hash\" value=\"\" \/><input type=\"hidden\" name=\"_wpcf7_recaptcha_response\" value=\"\" \/>\n<\/fieldset>\n<p><label> Nombre (requerido)<br \/>\n<span class=\"wpcf7-form-control-wrap\" data-name=\"your-name\"><input size=\"40\" maxlength=\"400\" class=\"wpcf7-form-control wpcf7-text wpcf7-validates-as-required\" aria-required=\"true\" aria-invalid=\"false\" value=\"\" type=\"text\" name=\"your-name\" \/><\/span> <\/label>\n<\/p>\n<p><label> Email (requerido)<br \/>\n<span class=\"wpcf7-form-control-wrap\" data-name=\"your-email\"><input size=\"40\" maxlength=\"400\" class=\"wpcf7-form-control wpcf7-email wpcf7-validates-as-required wpcf7-text wpcf7-validates-as-email\" aria-required=\"true\" aria-invalid=\"false\" value=\"\" type=\"email\" name=\"your-email\" \/><\/span> <\/label>\n<\/p>\n<p><label> Asunto (requerido)<br \/>\n<span class=\"wpcf7-form-control-wrap\" data-name=\"your-subject\"><input size=\"40\" maxlength=\"400\" class=\"wpcf7-form-control wpcf7-text wpcf7-validates-as-required\" aria-required=\"true\" aria-invalid=\"false\" value=\"\" type=\"text\" name=\"your-subject\" \/><\/span> <\/label>\n<\/p>\n<p><label> Mensaje (requerido)<br \/>\n<span class=\"wpcf7-form-control-wrap\" data-name=\"your-message\"><textarea cols=\"40\" rows=\"10\" maxlength=\"2000\" class=\"wpcf7-form-control wpcf7-textarea\" aria-invalid=\"false\" name=\"your-message\"><\/textarea><\/span> <\/label>\n<\/p>\n<p>&nbsp;<br \/>\n<span class=\"wpcf7-form-control-wrap recaptcha\" data-name=\"recaptcha\"><span data-sitekey=\"6LcZCq8aAAAAAK8gghVNlixB_vsSC3Ops3mDnrTe\" class=\"wpcf7-form-control wpcf7-recaptcha g-recaptcha\"><\/span>\r\n<noscript>\r\n\t<div class=\"grecaptcha-noscript\">\r\n\t\t<iframe loading=\"lazy\" src=\"https:\/\/www.google.com\/recaptcha\/api\/fallback?k=6LcZCq8aAAAAAK8gghVNlixB_vsSC3Ops3mDnrTe\" frameborder=\"0\" scrolling=\"no\" width=\"310\" height=\"430\">\r\n\t\t<\/iframe>\r\n\t\t<textarea name=\"g-recaptcha-response\" rows=\"3\" cols=\"40\" placeholder=\"Aqu\u00ed la respuesta de reCAPTCHA\">\r\n\t\t<\/textarea>\r\n\t<\/div>\r\n<\/noscript>\r\n<\/span>\n<\/p>\n<p>&nbsp;<br \/>\n<span class=\"wpcf7-form-control-wrap\" data-name=\"acceptance-101\"><span class=\"wpcf7-form-control wpcf7-acceptance optional\"><span class=\"wpcf7-list-item\"><input type=\"checkbox\" name=\"acceptance-101\" value=\"1\" aria-invalid=\"false\" \/><\/span><\/span><\/span> He le\u00eddo y acepto la <a target=\"_blank\" rel=\"nofollow noopener noreferrer\" href=\"https:\/\/marbresrustey.com\/privacidad\/\">Pol\u00edtica de privacidad<\/a>.\n<\/p>\n<p><input class=\"wpcf7-form-control wpcf7-submit has-spinner\" type=\"submit\" value=\"Enviar\" \/>\n<\/p><div class=\"wpcf7-response-output\" aria-hidden=\"true\"><\/div>\n<\/form>\n<\/div>\nMARBRES RUSTEY C\/ Mas Ramada, 917004 GironaTel. +34 972 222 606M&ograve;bil: +34 672 274 949email: [&hellip;]<\/p>\n","protected":false},"author":1,"featured_media":0,"parent":0,"menu_order":0,"comment_status":"closed","ping_status":"closed","template":"","meta":{"_et_pb_use_builder":"on","_et_pb_old_content":"","_et_gb_content_width":"","footnotes":""},"class_list":["post-9214","page","type-page","status-publish","hentry"],"yoast_head":"<!-- This site is optimized with the Yoast SEO plugin v27.4 - https:\/\/yoast.com\/product\/yoast-seo-wordpress\/ -->\n<title>Contacto - \u00bfEn que podemos ayudarte? | Marbres Rustey<\/title>\n<meta name=\"description\" content=\"Marbres Rustey, especialistas en el trabajo de piedra natural, cuarzo y granito en Girona. Contacto: C\/ Mas Ramada, 9. Tel. 972 222 606.\" \/>\n<meta name=\"robots\" content=\"index, follow, max-snippet:-1, max-image-preview:large, max-video-preview:-1\" \/>\n<link rel=\"canonical\" href=\"https:\/\/marbresrustey.com\/es\/contacto\" \/>\n<meta property=\"og:locale\" content=\"es_ES\" \/>\n<meta property=\"og:type\" content=\"article\" \/>\n<meta property=\"og:title\" content=\"Contacto - \u00bfEn que podemos ayudarte? | Marbres Rustey\" \/>\n<meta property=\"og:description\" content=\"Marbres Rustey, especialistas en el trabajo de piedra natural, cuarzo y granito en Girona. Contacto: C\/ Mas Ramada, 9. Tel. 972 222 606.\" \/>\n<meta property=\"og:url\" content=\"https:\/\/marbresrustey.com\/es\/contacto\" \/>\n<meta property=\"og:site_name\" content=\"Marbres Rustey\" \/>\n<meta property=\"article:publisher\" content=\"https:\/\/www.facebook.com\/marbresrustey\" \/>\n<meta property=\"article:modified_time\" content=\"2026-03-03T13:28:15+00:00\" \/>\n<meta name=\"twitter:card\" content=\"summary_large_image\" \/>\n<meta name=\"twitter:label1\" content=\"Tiempo de lectura\" \/>\n\t<meta name=\"twitter:data1\" content=\"2 minutos\" \/>\n<script type=\"application\/ld+json\" class=\"yoast-schema-graph\">{\"@context\":\"https:\\\/\\\/schema.org\",\"@graph\":[{\"@type\":\"WebPage\",\"@id\":\"https:\\\/\\\/marbresrustey.com\\\/es\\\/contacto\",\"url\":\"https:\\\/\\\/marbresrustey.com\\\/es\\\/contacto\",\"name\":\"Contacto - \u00bfEn que podemos ayudarte? | Marbres Rustey\",\"isPartOf\":{\"@id\":\"https:\\\/\\\/marbresrustey.com\\\/es#website\"},\"datePublished\":\"2021-03-28T16:45:30+00:00\",\"dateModified\":\"2026-03-03T13:28:15+00:00\",\"description\":\"Marbres Rustey, especialistas en el trabajo de piedra natural, cuarzo y granito en Girona. Contacto: C\\\/ Mas Ramada, 9. Tel. 972 222 606.\",\"breadcrumb\":{\"@id\":\"https:\\\/\\\/marbresrustey.com\\\/es\\\/contacto#breadcrumb\"},\"inLanguage\":\"es\",\"potentialAction\":[{\"@type\":\"ReadAction\",\"target\":[\"https:\\\/\\\/marbresrustey.com\\\/es\\\/contacto\"]}]},{\"@type\":\"BreadcrumbList\",\"@id\":\"https:\\\/\\\/marbresrustey.com\\\/es\\\/contacto#breadcrumb\",\"itemListElement\":[{\"@type\":\"ListItem\",\"position\":1,\"name\":\"Home\",\"item\":\"https:\\\/\\\/marbresrustey.com\\\/es\"},{\"@type\":\"ListItem\",\"position\":2,\"name\":\"CONTACTO\"}]},{\"@type\":\"WebSite\",\"@id\":\"https:\\\/\\\/marbresrustey.com\\\/es#website\",\"url\":\"https:\\\/\\\/marbresrustey.com\\\/es\",\"name\":\"Marbres Rustey\",\"description\":\"Especialistes en el treball de la pedra natural, quars i granit\",\"publisher\":{\"@id\":\"https:\\\/\\\/marbresrustey.com\\\/es#organization\"},\"potentialAction\":[{\"@type\":\"SearchAction\",\"target\":{\"@type\":\"EntryPoint\",\"urlTemplate\":\"https:\\\/\\\/marbresrustey.com\\\/es?s={search_term_string}\"},\"query-input\":{\"@type\":\"PropertyValueSpecification\",\"valueRequired\":true,\"valueName\":\"search_term_string\"}}],\"inLanguage\":\"es\"},{\"@type\":\"Organization\",\"@id\":\"https:\\\/\\\/marbresrustey.com\\\/es#organization\",\"name\":\"Marbres Rustey\",\"url\":\"https:\\\/\\\/marbresrustey.com\\\/es\",\"logo\":{\"@type\":\"ImageObject\",\"inLanguage\":\"es\",\"@id\":\"https:\\\/\\\/marbresrustey.com\\\/es#\\\/schema\\\/logo\\\/image\\\/\",\"url\":\"https:\\\/\\\/marbresrustey.com\\\/wp-content\\\/uploads\\\/2021\\\/03\\\/logo_rustey.png\",\"contentUrl\":\"https:\\\/\\\/marbresrustey.com\\\/wp-content\\\/uploads\\\/2021\\\/03\\\/logo_rustey.png\",\"width\":323,\"height\":81,\"caption\":\"Marbres Rustey\"},\"image\":{\"@id\":\"https:\\\/\\\/marbresrustey.com\\\/es#\\\/schema\\\/logo\\\/image\\\/\"},\"sameAs\":[\"https:\\\/\\\/www.facebook.com\\\/marbresrustey\",\"https:\\\/\\\/www.instagram.com\\\/marbresrustey\"]}]}<\/script>\n<!-- \/ Yoast SEO plugin. -->","yoast_head_json":{"title":"Contacto - \u00bfEn que podemos ayudarte? | Marbres Rustey","description":"Marbres Rustey, especialistas en el trabajo de piedra natural, cuarzo y granito en Girona. Contacto: C\/ Mas Ramada, 9. Tel. 972 222 606.","robots":{"index":"index","follow":"follow","max-snippet":"max-snippet:-1","max-image-preview":"max-image-preview:large","max-video-preview":"max-video-preview:-1"},"canonical":"https:\/\/marbresrustey.com\/es\/contacto","og_locale":"es_ES","og_type":"article","og_title":"Contacto - \u00bfEn que podemos ayudarte? | Marbres Rustey","og_description":"Marbres Rustey, especialistas en el trabajo de piedra natural, cuarzo y granito en Girona. Contacto: C\/ Mas Ramada, 9. Tel. 972 222 606.","og_url":"https:\/\/marbresrustey.com\/es\/contacto","og_site_name":"Marbres Rustey","article_publisher":"https:\/\/www.facebook.com\/marbresrustey","article_modified_time":"2026-03-03T13:28:15+00:00","twitter_card":"summary_large_image","twitter_misc":{"Tiempo de lectura":"2 minutos"},"schema":{"@context":"https:\/\/schema.org","@graph":[{"@type":"WebPage","@id":"https:\/\/marbresrustey.com\/es\/contacto","url":"https:\/\/marbresrustey.com\/es\/contacto","name":"Contacto - \u00bfEn que podemos ayudarte? | Marbres Rustey","isPartOf":{"@id":"https:\/\/marbresrustey.com\/es#website"},"datePublished":"2021-03-28T16:45:30+00:00","dateModified":"2026-03-03T13:28:15+00:00","description":"Marbres Rustey, especialistas en el trabajo de piedra natural, cuarzo y granito en Girona. Contacto: C\/ Mas Ramada, 9. Tel. 972 222 606.","breadcrumb":{"@id":"https:\/\/marbresrustey.com\/es\/contacto#breadcrumb"},"inLanguage":"es","potentialAction":[{"@type":"ReadAction","target":["https:\/\/marbresrustey.com\/es\/contacto"]}]},{"@type":"BreadcrumbList","@id":"https:\/\/marbresrustey.com\/es\/contacto#breadcrumb","itemListElement":[{"@type":"ListItem","position":1,"name":"Home","item":"https:\/\/marbresrustey.com\/es"},{"@type":"ListItem","position":2,"name":"CONTACTO"}]},{"@type":"WebSite","@id":"https:\/\/marbresrustey.com\/es#website","url":"https:\/\/marbresrustey.com\/es","name":"Marbres Rustey","description":"Especialistes en el treball de la pedra natural, quars i granit","publisher":{"@id":"https:\/\/marbresrustey.com\/es#organization"},"potentialAction":[{"@type":"SearchAction","target":{"@type":"EntryPoint","urlTemplate":"https:\/\/marbresrustey.com\/es?s={search_term_string}"},"query-input":{"@type":"PropertyValueSpecification","valueRequired":true,"valueName":"search_term_string"}}],"inLanguage":"es"},{"@type":"Organization","@id":"https:\/\/marbresrustey.com\/es#organization","name":"Marbres Rustey","url":"https:\/\/marbresrustey.com\/es","logo":{"@type":"ImageObject","inLanguage":"es","@id":"https:\/\/marbresrustey.com\/es#\/schema\/logo\/image\/","url":"https:\/\/marbresrustey.com\/wp-content\/uploads\/2021\/03\/logo_rustey.png","contentUrl":"https:\/\/marbresrustey.com\/wp-content\/uploads\/2021\/03\/logo_rustey.png","width":323,"height":81,"caption":"Marbres Rustey"},"image":{"@id":"https:\/\/marbresrustey.com\/es#\/schema\/logo\/image\/"},"sameAs":["https:\/\/www.facebook.com\/marbresrustey","https:\/\/www.instagram.com\/marbresrustey"]}]}},"_links":{"self":[{"href":"https:\/\/marbresrustey.com\/es\/wp-json\/wp\/v2\/pages\/9214","targetHints":{"allow":["GET"]}}],"collection":[{"href":"https:\/\/marbresrustey.com\/es\/wp-json\/wp\/v2\/pages"}],"about":[{"href":"https:\/\/marbresrustey.com\/es\/wp-json\/wp\/v2\/types\/page"}],"author":[{"embeddable":true,"href":"https:\/\/marbresrustey.com\/es\/wp-json\/wp\/v2\/users\/1"}],"replies":[{"embeddable":true,"href":"https:\/\/marbresrustey.com\/es\/wp-json\/wp\/v2\/comments?post=9214"}],"version-history":[{"count":2,"href":"https:\/\/marbresrustey.com\/es\/wp-json\/wp\/v2\/pages\/9214\/revisions"}],"predecessor-version":[{"id":10950,"href":"https:\/\/marbresrustey.com\/es\/wp-json\/wp\/v2\/pages\/9214\/revisions\/10950"}],"wp:attachment":[{"href":"https:\/\/marbresrustey.com\/es\/wp-json\/wp\/v2\/media?parent=9214"}],"curies":[{"name":"wp","href":"https:\/\/api.w.org\/{rel}","templated":true}]}}