{"id":9210,"date":"2021-04-15T19:19:26","date_gmt":"2021-04-15T19:19:26","guid":{"rendered":"https:\/\/marbresrustey.com\/art-funerari-lapides"},"modified":"2026-03-03T13:39:06","modified_gmt":"2026-03-03T13:39:06","slug":"arte-funerario-lapidas-girona","status":"publish","type":"page","link":"https:\/\/marbresrustey.com\/es\/arte-funerario-lapidas-girona","title":{"rendered":"Arte funerario &#8211; L\u00e1pidas"},"content":{"rendered":"<p>[et_pb_section fb_built=\u00bb1&#8243; _builder_version=\u00bb4.16&#8243; background_image=\u00bbhttps:\/\/marbresrustey.com\/wp-content\/uploads\/2021\/04\/cuines-marbres-rustey3-min.png\u00bb custom_margin=\u00bb|||\u00bb custom_padding=\u00bb56px||0px||false|false\u00bb global_colors_info=\u00bb{}\u00bb][et_pb_row _builder_version=\u00bb4.16&#8243; max_width=\u00bb80%\u00bb custom_margin=\u00bb|||\u00bb custom_padding=\u00bb125px||34px||false|false\u00bb use_custom_width=\u00bbon\u00bb width_unit=\u00bboff\u00bb global_colors_info=\u00bb{}\u00bb][et_pb_column type=\u00bb4_4&#8243; _builder_version=\u00bb4.16&#8243; custom_padding=\u00bb|||\u00bb global_colors_info=\u00bb{}\u00bb custom_padding__hover=\u00bb|||\u00bb][et_pb_text _builder_version=\u00bb4.16&#8243; header_font=\u00bb||||||||\u00bb header_text_align=\u00bbcenter\u00bb header_text_color=\u00bb#ffffff\u00bb header_font_size=\u00bb63px\u00bb max_width=\u00bb45%\u00bb max_width_tablet=\u00bb\u00bb max_width_phone=\u00bb\u00bb max_width_last_edited=\u00bbon|desktop\u00bb module_alignment=\u00bbcenter\u00bb header_font_size_tablet=\u00bb\u00bb header_font_size_phone=\u00bb48px\u00bb header_font_size_last_edited=\u00bbon|phone\u00bb header_text_shadow_style=\u00bbpreset3&#8243; header_text_shadow_horizontal_length=\u00bb0.03em\u00bb header_text_shadow_vertical_length=\u00bb0.03em\u00bb header_text_shadow_blur_strength=\u00bb0.05em\u00bb global_colors_info=\u00bb{}\u00bb]<\/p>\n<h1>L\u00e1pidas<\/h1>\n<h1>Arte funerario <\/h1>\n<p>[\/et_pb_text][\/et_pb_column][\/et_pb_row][\/et_pb_section][et_pb_section fb_built=\u00bb1&#8243; _builder_version=\u00bb4.16&#8243; custom_padding=\u00bb||4px|||\u00bb global_colors_info=\u00bb{}\u00bb][et_pb_row column_structure=\u00bb1_2,1_2&#8243; _builder_version=\u00bb4.16&#8243; custom_padding=\u00bb||89px|||\u00bb global_colors_info=\u00bb{}\u00bb][et_pb_column type=\u00bb1_2&#8243; _builder_version=\u00bb4.16&#8243; custom_padding=\u00bb|||\u00bb global_colors_info=\u00bb{}\u00bb custom_padding__hover=\u00bb|||\u00bb][et_pb_text _builder_version=\u00bb4.16&#8243; header_font=\u00bb||||||||\u00bb header_font_size=\u00bb55px\u00bb header_2_font=\u00bb||||||||\u00bb header_2_font_size=\u00bb47px\u00bb custom_margin=\u00bb||35px|||\u00bb header_2_font_size_tablet=\u00bb\u00bb header_2_font_size_phone=\u00bb41px\u00bb header_2_font_size_last_edited=\u00bbon|phone\u00bb global_colors_info=\u00bb{}\u00bb]<\/p>\n<h2><span class=\"aCOpRe\">Tradici\u00f3n familiar<\/span><\/h2>\n<p>[\/et_pb_text][et_pb_text _builder_version=\u00bb4.16&#8243; header_font=\u00bb||||||||\u00bb header_3_font=\u00bb||||||||\u00bb header_3_text_color=\u00bb#ef4137&#8243; header_3_font_size=\u00bb24px\u00bb global_colors_info=\u00bb{}\u00bb]<\/p>\n<p>Marbres Rustey es de tradici\u00f3n familiar y como tal, sus or\u00edgenes se remontan a\u00f1os atr\u00e1s cuando el abuelo Miquel Rustey Barbosa viv\u00eda de su oficio de escultor. La pasi\u00f3n y el buen hacer por la escultura le llevaron a participar en distintos monumentos art\u00edsticos y p\u00fablicos de nuestra ciudad y provincia. Entre ellos, podemos destacar el monumento del Le\u00f3n en la plaza del Mercado de Girona, el Balc\u00f3n del Ayuntamiento de Girona, una escultura en Olot y la fuente de St. Agust\u00edn en Girona, entre otros.<\/p>\n<p>Su habilidad en el oficio, le dio un renombre especial en cuanto al dise\u00f1o de l\u00e1pidas y grab\u00f3 su empresa en 1959 en la C\u00e1mara de Comercio de Girona. Partiendo de simples estampas y utilizando la t\u00e9cnica del comp\u00e1s con puntos, reproduc\u00eda las escenas sobre el m\u00e1rmol con gran precisi\u00f3n, elaborando piezas \u00fanicas hechas del todo a mano. Sus realizaciones se encuentran firmadas en los cementerios de la provincia de Girona.<\/p>\n<p>Pedro Rustey y Pericot, su hijo, sigui\u00f3 el oficio de escultura y grabaci\u00f3n de l\u00e1pidas, ya que eran momentos de una fuerte demanda. En el proceso de elaboraci\u00f3n, se empez\u00f3 a combinar el trabajo todav\u00eda manual con un sistema asistido mec\u00e1nicamente para a\u00f1adir apliques o hacer relieves. Hoy en d\u00eda, el hijo de Pere, Xavier, al frente de la 3\u00aa generaci\u00f3n familiar, sigue haciendo del trabajo en m\u00e1rmol su oficio y su pasi\u00f3n.<\/p>\n<p>[\/et_pb_text][et_pb_button button_url=\u00bbhttps:\/\/marbresrustey.com\/es\/contacto\u00bb button_text=\u00bbContacta con nosotros\u00bb _builder_version=\u00bb4.16&#8243; _module_preset=\u00bbdefault\u00bb global_colors_info=\u00bb{}\u00bb][\/et_pb_button][\/et_pb_column][et_pb_column type=\u00bb1_2&#8243; _builder_version=\u00bb4.16&#8243; custom_padding=\u00bb|||\u00bb global_colors_info=\u00bb{}\u00bb custom_padding__hover=\u00bb|||\u00bb][et_pb_gallery gallery_ids=\u00bb9314,9252,9254,9256&#8243; _builder_version=\u00bb4.16&#8243; _module_preset=\u00bbdefault\u00bb custom_margin=\u00bb||-5px|||\u00bb global_colors_info=\u00bb{}\u00bb][\/et_pb_gallery][et_pb_gallery gallery_ids=\u00bb9302,9265,9262,9250,9265,9302,9262,9250&#8243; _builder_version=\u00bb4.16&#8243; _module_preset=\u00bbdefault\u00bb custom_margin=\u00bb||-5px|||\u00bb global_colors_info=\u00bb{}\u00bb][\/et_pb_gallery][\/et_pb_column][\/et_pb_row][\/et_pb_section]<\/p>\n","protected":false},"excerpt":{"rendered":"<p>L&aacute;pidas Arte funerario Tradici&oacute;n familiarMarbres Rustey es de tradici&oacute;n familiar y como tal, sus or&iacute;genes se remontan a&ntilde;os atr&aacute;s cuando el abuelo Miquel Rustey Barbosa viv&iacute;a de su oficio de escultor. La pasi&oacute;n y el buen hacer por la escultura le llevaron a participar en distintos monumentos art&iacute;sticos y p&uacute;blicos de nuestra ciudad y provincia. [&hellip;]<\/p>\n","protected":false},"author":1,"featured_media":0,"parent":0,"menu_order":0,"comment_status":"closed","ping_status":"closed","template":"","meta":{"_et_pb_use_builder":"on","_et_pb_old_content":"","_et_gb_content_width":"","footnotes":""},"class_list":["post-9210","page","type-page","status-publish","hentry"],"yoast_head":"<!-- This site is optimized with the Yoast SEO plugin v27.4 - https:\/\/yoast.com\/product\/yoast-seo-wordpress\/ -->\n<title>Arte funerario | L\u00e1pidas de m\u00e1rmol y granito en Girona<\/title>\n<meta name=\"description\" content=\"Dise\u00f1o de l\u00e1pidas y arte funerario en Girona. Consulta nuestro cat\u00e1logo o visita nuestra tienda de exposici\u00f3n en C\/ de Carme, 241, Girona.\" \/>\n<meta name=\"robots\" content=\"index, follow, max-snippet:-1, max-image-preview:large, max-video-preview:-1\" \/>\n<link rel=\"canonical\" href=\"https:\/\/marbresrustey.com\/es\/arte-funerario-lapidas-girona\" \/>\n<meta property=\"og:locale\" content=\"es_ES\" \/>\n<meta property=\"og:type\" content=\"article\" \/>\n<meta property=\"og:title\" content=\"Arte funerario | L\u00e1pidas de m\u00e1rmol y granito en Girona\" \/>\n<meta property=\"og:description\" content=\"Dise\u00f1o de l\u00e1pidas y arte funerario en Girona. Consulta nuestro cat\u00e1logo o visita nuestra tienda de exposici\u00f3n en C\/ de Carme, 241, Girona.\" \/>\n<meta property=\"og:url\" content=\"https:\/\/marbresrustey.com\/es\/arte-funerario-lapidas-girona\" \/>\n<meta property=\"og:site_name\" content=\"Marbres Rustey\" \/>\n<meta property=\"article:publisher\" content=\"https:\/\/www.facebook.com\/marbresrustey\" \/>\n<meta property=\"article:modified_time\" content=\"2026-03-03T13:39:06+00:00\" \/>\n<meta name=\"twitter:card\" content=\"summary_large_image\" \/>\n<meta name=\"twitter:label1\" content=\"Tiempo de lectura\" \/>\n\t<meta name=\"twitter:data1\" content=\"2 minutos\" \/>\n<script type=\"application\/ld+json\" class=\"yoast-schema-graph\">{\"@context\":\"https:\\\/\\\/schema.org\",\"@graph\":[{\"@type\":\"WebPage\",\"@id\":\"https:\\\/\\\/marbresrustey.com\\\/es\\\/arte-funerario-lapidas-girona\",\"url\":\"https:\\\/\\\/marbresrustey.com\\\/es\\\/arte-funerario-lapidas-girona\",\"name\":\"Arte funerario | L\u00e1pidas de m\u00e1rmol y granito en Girona\",\"isPartOf\":{\"@id\":\"https:\\\/\\\/marbresrustey.com\\\/es#website\"},\"datePublished\":\"2021-04-15T19:19:26+00:00\",\"dateModified\":\"2026-03-03T13:39:06+00:00\",\"description\":\"Dise\u00f1o de l\u00e1pidas y arte funerario en Girona. Consulta nuestro cat\u00e1logo o visita nuestra tienda de exposici\u00f3n en C\\\/ de Carme, 241, Girona.\",\"breadcrumb\":{\"@id\":\"https:\\\/\\\/marbresrustey.com\\\/es\\\/arte-funerario-lapidas-girona#breadcrumb\"},\"inLanguage\":\"es\",\"potentialAction\":[{\"@type\":\"ReadAction\",\"target\":[\"https:\\\/\\\/marbresrustey.com\\\/es\\\/arte-funerario-lapidas-girona\"]}]},{\"@type\":\"BreadcrumbList\",\"@id\":\"https:\\\/\\\/marbresrustey.com\\\/es\\\/arte-funerario-lapidas-girona#breadcrumb\",\"itemListElement\":[{\"@type\":\"ListItem\",\"position\":1,\"name\":\"Home\",\"item\":\"https:\\\/\\\/marbresrustey.com\\\/es\"},{\"@type\":\"ListItem\",\"position\":2,\"name\":\"Arte funerario &#8211; L\u00e1pidas\"}]},{\"@type\":\"WebSite\",\"@id\":\"https:\\\/\\\/marbresrustey.com\\\/es#website\",\"url\":\"https:\\\/\\\/marbresrustey.com\\\/es\",\"name\":\"Marbres Rustey\",\"description\":\"Especialistes en el treball de la pedra natural, quars i granit\",\"publisher\":{\"@id\":\"https:\\\/\\\/marbresrustey.com\\\/es#organization\"},\"potentialAction\":[{\"@type\":\"SearchAction\",\"target\":{\"@type\":\"EntryPoint\",\"urlTemplate\":\"https:\\\/\\\/marbresrustey.com\\\/es?s={search_term_string}\"},\"query-input\":{\"@type\":\"PropertyValueSpecification\",\"valueRequired\":true,\"valueName\":\"search_term_string\"}}],\"inLanguage\":\"es\"},{\"@type\":\"Organization\",\"@id\":\"https:\\\/\\\/marbresrustey.com\\\/es#organization\",\"name\":\"Marbres Rustey\",\"url\":\"https:\\\/\\\/marbresrustey.com\\\/es\",\"logo\":{\"@type\":\"ImageObject\",\"inLanguage\":\"es\",\"@id\":\"https:\\\/\\\/marbresrustey.com\\\/es#\\\/schema\\\/logo\\\/image\\\/\",\"url\":\"https:\\\/\\\/marbresrustey.com\\\/wp-content\\\/uploads\\\/2021\\\/03\\\/logo_rustey.png\",\"contentUrl\":\"https:\\\/\\\/marbresrustey.com\\\/wp-content\\\/uploads\\\/2021\\\/03\\\/logo_rustey.png\",\"width\":323,\"height\":81,\"caption\":\"Marbres Rustey\"},\"image\":{\"@id\":\"https:\\\/\\\/marbresrustey.com\\\/es#\\\/schema\\\/logo\\\/image\\\/\"},\"sameAs\":[\"https:\\\/\\\/www.facebook.com\\\/marbresrustey\",\"https:\\\/\\\/www.instagram.com\\\/marbresrustey\"]}]}<\/script>\n<!-- \/ Yoast SEO plugin. -->","yoast_head_json":{"title":"Arte funerario | L\u00e1pidas de m\u00e1rmol y granito en Girona","description":"Dise\u00f1o de l\u00e1pidas y arte funerario en Girona. Consulta nuestro cat\u00e1logo o visita nuestra tienda de exposici\u00f3n en C\/ de Carme, 241, Girona.","robots":{"index":"index","follow":"follow","max-snippet":"max-snippet:-1","max-image-preview":"max-image-preview:large","max-video-preview":"max-video-preview:-1"},"canonical":"https:\/\/marbresrustey.com\/es\/arte-funerario-lapidas-girona","og_locale":"es_ES","og_type":"article","og_title":"Arte funerario | L\u00e1pidas de m\u00e1rmol y granito en Girona","og_description":"Dise\u00f1o de l\u00e1pidas y arte funerario en Girona. Consulta nuestro cat\u00e1logo o visita nuestra tienda de exposici\u00f3n en C\/ de Carme, 241, Girona.","og_url":"https:\/\/marbresrustey.com\/es\/arte-funerario-lapidas-girona","og_site_name":"Marbres Rustey","article_publisher":"https:\/\/www.facebook.com\/marbresrustey","article_modified_time":"2026-03-03T13:39:06+00:00","twitter_card":"summary_large_image","twitter_misc":{"Tiempo de lectura":"2 minutos"},"schema":{"@context":"https:\/\/schema.org","@graph":[{"@type":"WebPage","@id":"https:\/\/marbresrustey.com\/es\/arte-funerario-lapidas-girona","url":"https:\/\/marbresrustey.com\/es\/arte-funerario-lapidas-girona","name":"Arte funerario | L\u00e1pidas de m\u00e1rmol y granito en Girona","isPartOf":{"@id":"https:\/\/marbresrustey.com\/es#website"},"datePublished":"2021-04-15T19:19:26+00:00","dateModified":"2026-03-03T13:39:06+00:00","description":"Dise\u00f1o de l\u00e1pidas y arte funerario en Girona. Consulta nuestro cat\u00e1logo o visita nuestra tienda de exposici\u00f3n en C\/ de Carme, 241, Girona.","breadcrumb":{"@id":"https:\/\/marbresrustey.com\/es\/arte-funerario-lapidas-girona#breadcrumb"},"inLanguage":"es","potentialAction":[{"@type":"ReadAction","target":["https:\/\/marbresrustey.com\/es\/arte-funerario-lapidas-girona"]}]},{"@type":"BreadcrumbList","@id":"https:\/\/marbresrustey.com\/es\/arte-funerario-lapidas-girona#breadcrumb","itemListElement":[{"@type":"ListItem","position":1,"name":"Home","item":"https:\/\/marbresrustey.com\/es"},{"@type":"ListItem","position":2,"name":"Arte funerario &#8211; L\u00e1pidas"}]},{"@type":"WebSite","@id":"https:\/\/marbresrustey.com\/es#website","url":"https:\/\/marbresrustey.com\/es","name":"Marbres Rustey","description":"Especialistes en el treball de la pedra natural, quars i granit","publisher":{"@id":"https:\/\/marbresrustey.com\/es#organization"},"potentialAction":[{"@type":"SearchAction","target":{"@type":"EntryPoint","urlTemplate":"https:\/\/marbresrustey.com\/es?s={search_term_string}"},"query-input":{"@type":"PropertyValueSpecification","valueRequired":true,"valueName":"search_term_string"}}],"inLanguage":"es"},{"@type":"Organization","@id":"https:\/\/marbresrustey.com\/es#organization","name":"Marbres Rustey","url":"https:\/\/marbresrustey.com\/es","logo":{"@type":"ImageObject","inLanguage":"es","@id":"https:\/\/marbresrustey.com\/es#\/schema\/logo\/image\/","url":"https:\/\/marbresrustey.com\/wp-content\/uploads\/2021\/03\/logo_rustey.png","contentUrl":"https:\/\/marbresrustey.com\/wp-content\/uploads\/2021\/03\/logo_rustey.png","width":323,"height":81,"caption":"Marbres Rustey"},"image":{"@id":"https:\/\/marbresrustey.com\/es#\/schema\/logo\/image\/"},"sameAs":["https:\/\/www.facebook.com\/marbresrustey","https:\/\/www.instagram.com\/marbresrustey"]}]}},"_links":{"self":[{"href":"https:\/\/marbresrustey.com\/es\/wp-json\/wp\/v2\/pages\/9210","targetHints":{"allow":["GET"]}}],"collection":[{"href":"https:\/\/marbresrustey.com\/es\/wp-json\/wp\/v2\/pages"}],"about":[{"href":"https:\/\/marbresrustey.com\/es\/wp-json\/wp\/v2\/types\/page"}],"author":[{"embeddable":true,"href":"https:\/\/marbresrustey.com\/es\/wp-json\/wp\/v2\/users\/1"}],"replies":[{"embeddable":true,"href":"https:\/\/marbresrustey.com\/es\/wp-json\/wp\/v2\/comments?post=9210"}],"version-history":[{"count":1,"href":"https:\/\/marbresrustey.com\/es\/wp-json\/wp\/v2\/pages\/9210\/revisions"}],"predecessor-version":[{"id":10956,"href":"https:\/\/marbresrustey.com\/es\/wp-json\/wp\/v2\/pages\/9210\/revisions\/10956"}],"wp:attachment":[{"href":"https:\/\/marbresrustey.com\/es\/wp-json\/wp\/v2\/media?parent=9210"}],"curies":[{"name":"wp","href":"https:\/\/api.w.org\/{rel}","templated":true}]}}