{"id":9202,"date":"2021-03-28T16:43:15","date_gmt":"2021-03-28T16:43:15","guid":{"rendered":"https:\/\/marbresrustey.com\/cuines-i-banys"},"modified":"2023-03-16T16:08:20","modified_gmt":"2023-03-16T16:08:20","slug":"cocinas-y-banos-girona","status":"publish","type":"page","link":"https:\/\/marbresrustey.com\/es\/cocinas-y-banos-girona","title":{"rendered":"COCINAS Y BA\u00d1OS"},"content":{"rendered":"<p>[et_pb_section fb_built=\u00bb1&#8243; _builder_version=\u00bb4.16&#8243; use_background_color_gradient=\u00bbon\u00bb background_color_gradient_stops=\u00bbrgba(0,0,0,0) 0%|rgba(0,0,0,0) 100%\u00bb background_color_gradient_overlays_image=\u00bbon\u00bb background_color_gradient_start=\u00bbrgba(0,0,0,0)\u00bb background_color_gradient_end=\u00bbrgba(0,0,0,0)\u00bb background_image=\u00bbhttps:\/\/marbresrustey.com\/wp-content\/uploads\/2021\/03\/levantina.jpg\u00bb custom_margin=\u00bb|||\u00bb custom_padding=\u00bb35px||0px||false|false\u00bb global_colors_info=\u00bb{}\u00bb][et_pb_row _builder_version=\u00bb4.16&#8243; max_width=\u00bb80%\u00bb custom_margin=\u00bb|||\u00bb custom_padding=\u00bb125px||60px||false|false\u00bb use_custom_width=\u00bbon\u00bb width_unit=\u00bboff\u00bb global_colors_info=\u00bb{}\u00bb][et_pb_column type=\u00bb4_4&#8243; _builder_version=\u00bb4.16&#8243; custom_padding=\u00bb|||\u00bb global_colors_info=\u00bb{}\u00bb custom_padding__hover=\u00bb|||\u00bb][et_pb_text _builder_version=\u00bb4.20.2&#8243; header_font=\u00bb||||||||\u00bb header_text_align=\u00bbcenter\u00bb header_text_color=\u00bb#ffffff\u00bb header_font_size=\u00bb70px\u00bb max_width=\u00bb45%\u00bb max_width_tablet=\u00bb\u00bb max_width_phone=\u00bb\u00bb max_width_last_edited=\u00bbon|desktop\u00bb module_alignment=\u00bbcenter\u00bb hover_enabled=\u00bb0&#8243; header_font_size_tablet=\u00bb\u00bb header_font_size_phone=\u00bb48px\u00bb header_font_size_last_edited=\u00bbon|phone\u00bb header_text_shadow_style=\u00bbpreset3&#8243; header_text_shadow_horizontal_length=\u00bb0.03em\u00bb header_text_shadow_vertical_length=\u00bb0.03em\u00bb header_text_shadow_blur_strength=\u00bb0.05em\u00bb global_colors_info=\u00bb{}\u00bb sticky_enabled=\u00bb0&#8243;]<\/p>\n<h1>Proyectos de Cocinas y Ba\u00f1os<\/h1>\n<p>[\/et_pb_text][\/et_pb_column][\/et_pb_row][\/et_pb_section][et_pb_section fb_built=\u00bb1&#8243; _builder_version=\u00bb4.16&#8243; _module_preset=\u00bbdefault\u00bb global_colors_info=\u00bb{}\u00bb][et_pb_row column_structure=\u00bb1_2,1_2&#8243; _builder_version=\u00bb4.16&#8243; _module_preset=\u00bbdefault\u00bb global_colors_info=\u00bb{}\u00bb][et_pb_column type=\u00bb1_2&#8243; _builder_version=\u00bb4.16&#8243; _module_preset=\u00bbdefault\u00bb global_colors_info=\u00bb{}\u00bb][et_pb_text _builder_version=\u00bb4.20.2&#8243; header_font=\u00bb||||||||\u00bb header_2_font=\u00bb||||||||\u00bb header_2_font_size=\u00bb48px\u00bb header_2_line_height=\u00bb1.1em\u00bb custom_margin=\u00bb||10px|\u00bb hover_enabled=\u00bb0&#8243; header_2_font_size_tablet=\u00bb\u00bb header_2_font_size_phone=\u00bb41px\u00bb header_2_font_size_last_edited=\u00bbon|phone\u00bb global_colors_info=\u00bb{}\u00bb sticky_enabled=\u00bb0&#8243;]<\/p>\n<h2>COCINAS Y BA\u00d1OS<br \/><\/h2>\n<p>[\/et_pb_text][et_pb_text _builder_version=\u00bb4.20.2&#8243; header_font=\u00bb||||||||\u00bb header_3_font=\u00bb||||||||\u00bb header_3_text_color=\u00bb#d61c09&#8243; header_3_font_size=\u00bb24px\u00bb header_3_line_height=\u00bb1.4em\u00bb custom_margin=\u00bb||15px|||\u00bb hover_enabled=\u00bb0&#8243; global_colors_info=\u00bb{}\u00bb sticky_enabled=\u00bb0&#8243;]<\/p>\n<h3>Escogemos las mejores materias primas<br \/>\n para la elaboraci\u00f3n de nuestros proyectos<\/h3>\n<p>[\/et_pb_text][et_pb_text _builder_version=\u00bb4.20.2&#8243; hover_enabled=\u00bb0&#8243; global_colors_info=\u00bb{}\u00bb sticky_enabled=\u00bb0&#8243;]Nuestros proveedores de granitos, los cuales tienen canteras propias, nos ofrecen piedras de primera calidad y una extensa gama de granitos propios e importados.<\/p>\n<p>La atenci\u00f3n en la extracci\u00f3n y manipulaci\u00f3n de los bloques nos asegura que la elecci\u00f3n de la materia sea excelente y la diversidad de centros de distribuci\u00f3n por todas partes, que tengamos una disponibilidad inmediata.<\/p>\n<p>En cuanto a las superficies de cuarzo, nuestros proveedores por s\u00ed mismos ya tienen un renombre propio el cual es sin\u00f3nimo de calidad y garant\u00eda de producto.<\/p>\n<p>Dentro de sus extensas gamas de colores y acabados dan la posibilidad de crear ambientes distintivos, creativos y funcionales con un producto de gran dureza y resistencia.<\/p>\n<p>El material de cuarzo ampl\u00eda las aplicaciones de las piedras naturales permitiendo crear colores nuevos y homog\u00e9neos, as\u00ed como una gran variedad de formatos y decoraciones.<\/p>\n<p>Finalmente, el porcel\u00e1nico es el producto m\u00e1s innovador de los materiales propuestos en la cocina dado que tiene un grosor de tan solo 3 mm. sin perder las caracter\u00edsticas m\u00e1s importantes para encimeras de cocina como son la durabilidad y la higiene.[\/et_pb_text][et_pb_button button_url=\u00bbhttps:\/\/marbresrustey.com\/es\/contacto\u00bb button_text=\u00bbContacta con nosotros\u00bb _builder_version=\u00bb4.20.2&#8243; _module_preset=\u00bbdefault\u00bb hover_enabled=\u00bb0&#8243; global_colors_info=\u00bb{}\u00bb sticky_enabled=\u00bb0&#8243;][\/et_pb_button][\/et_pb_column][et_pb_column type=\u00bb1_2&#8243; _builder_version=\u00bb4.16&#8243; _module_preset=\u00bbdefault\u00bb global_colors_info=\u00bb{}\u00bb][et_pb_image src=\u00bbhttps:\/\/marbresrustey.com\/wp-content\/uploads\/2021\/03\/28-1.jpg\u00bb title_text=\u00bb28&#8243; _builder_version=\u00bb4.16&#8243; _module_preset=\u00bbdefault\u00bb global_colors_info=\u00bb{}\u00bb][\/et_pb_image][\/et_pb_column][\/et_pb_row][\/et_pb_section][et_pb_section fb_built=\u00bb1&#8243; _builder_version=\u00bb4.16&#8243; _module_preset=\u00bbdefault\u00bb custom_padding=\u00bb0px||0px|||\u00bb global_colors_info=\u00bb{}\u00bb][et_pb_row _builder_version=\u00bb4.16&#8243; _module_preset=\u00bbdefault\u00bb custom_padding=\u00bb||2px|||\u00bb global_colors_info=\u00bb{}\u00bb][et_pb_column type=\u00bb4_4&#8243; _builder_version=\u00bb4.16&#8243; _module_preset=\u00bbdefault\u00bb global_colors_info=\u00bb{}\u00bb][et_pb_text _builder_version=\u00bb4.20.2&#8243; header_font=\u00bb||||||||\u00bb header_font_size=\u00bb58px\u00bb header_2_font=\u00bb||||||||\u00bb header_2_font_size=\u00bb44px\u00bb header_2_line_height=\u00bb1.1em\u00bb custom_margin=\u00bb1px||10px|||\u00bb custom_padding=\u00bb||32px|||\u00bb hover_enabled=\u00bb0&#8243; header_2_font_size_tablet=\u00bb\u00bb header_2_font_size_phone=\u00bb41px\u00bb header_2_font_size_last_edited=\u00bbon|phone\u00bb global_colors_info=\u00bb{}\u00bb sticky_enabled=\u00bb0&#8243;]<\/p>\n<h2 style=\"text-align: left;\">Proyectos de cocinas realizados<\/h2>\n<p>[\/et_pb_text][et_pb_gallery gallery_ids=\u00bb9671,9680,9131,9675,9687,9689,9691,9673,9682,9693,9098,9695,9697&#8243; show_title_and_caption=\u00bboff\u00bb _builder_version=\u00bb4.16&#8243; _module_preset=\u00bbdefault\u00bb global_colors_info=\u00bb{}\u00bb][\/et_pb_gallery][\/et_pb_column][\/et_pb_row][\/et_pb_section][et_pb_section fb_built=\u00bb1&#8243; _builder_version=\u00bb4.16&#8243; _module_preset=\u00bbdefault\u00bb custom_padding=\u00bb3px|||||\u00bb global_colors_info=\u00bb{}\u00bb][et_pb_row _builder_version=\u00bb4.16&#8243; _module_preset=\u00bbdefault\u00bb custom_padding=\u00bb2px|||||\u00bb global_colors_info=\u00bb{}\u00bb][et_pb_column type=\u00bb4_4&#8243; _builder_version=\u00bb4.16&#8243; _module_preset=\u00bbdefault\u00bb global_colors_info=\u00bb{}\u00bb][et_pb_text _builder_version=\u00bb4.16&#8243; _module_preset=\u00bbdefault\u00bb custom_margin=\u00bb16px|||||\u00bb global_colors_info=\u00bb{}\u00bb]\n\t\t<style>\n\t\t\t#wpls-logo-showcase-slider-1 .wpls-fix-box,\n\t\t\t#wpls-logo-showcase-slider-1 .wpls-fix-box img.wp-post-image{max-height:250px; }\n\t\t<\/style>\n\n\t\t<div class=\"wpls-wrap wpls-logo-showcase-slider-wrp wpls-logo-clearfix wpls-design-1 \" data-conf=\"{&quot;slides_column&quot;:&quot;3&quot;,&quot;slides_scroll&quot;:1,&quot;dots&quot;:&quot;true&quot;,&quot;arrows&quot;:&quot;true&quot;,&quot;autoplay&quot;:&quot;true&quot;,&quot;autoplay_interval&quot;:3000,&quot;loop&quot;:&quot;true&quot;,&quot;rtl&quot;:&quot;false&quot;,&quot;speed&quot;:800,&quot;center_mode&quot;:&quot;true&quot;,&quot;lazyload&quot;:&quot;&quot;}\">\n\t\t\t<div class=\"wpls-logo-showcase logo_showcase wpls-logo-slider wpls-center sliderimage_hide_border \" id=\"wpls-logo-showcase-slider-1\" >\n\t\t\t\t<div class=\"wpls-logo-cnt\">\n\t<div class=\"wpls-fix-box\">\n\t\t\t\t<img decoding=\"async\" class=\"wp-post-image\"  src=\"https:\/\/marbresrustey.com\/wp-content\/uploads\/2021\/04\/levantina.jpg\" alt=\"\" \/>\n\t\t\t<\/div>\n\t<\/div><div class=\"wpls-logo-cnt\">\n\t<div class=\"wpls-fix-box\">\n\t\t\t\t<img decoding=\"async\" class=\"wp-post-image\"  src=\"https:\/\/marbresrustey.com\/wp-content\/uploads\/2021\/04\/silestone.jpg\" alt=\"\" \/>\n\t\t\t<\/div>\n\t<\/div><div class=\"wpls-logo-cnt\">\n\t<div class=\"wpls-fix-box\">\n\t\t\t\t<img decoding=\"async\" class=\"wp-post-image\"  src=\"https:\/\/marbresrustey.com\/wp-content\/uploads\/2021\/04\/compac-1.png\" alt=\"\" \/>\n\t\t\t<\/div>\n\t<\/div><div class=\"wpls-logo-cnt\">\n\t<div class=\"wpls-fix-box\">\n\t\t\t\t<img decoding=\"async\" class=\"wp-post-image\"  src=\"https:\/\/marbresrustey.com\/wp-content\/uploads\/2021\/04\/ingemar-1.png\" alt=\"\" \/>\n\t\t\t<\/div>\n\t<\/div><div class=\"wpls-logo-cnt\">\n\t<div class=\"wpls-fix-box\">\n\t\t\t\t<img decoding=\"async\" class=\"wp-post-image\"  src=\"https:\/\/marbresrustey.com\/wp-content\/uploads\/2021\/04\/dekton.png\" alt=\"\" \/>\n\t\t\t<\/div>\n\t<\/div><div class=\"wpls-logo-cnt\">\n\t<div class=\"wpls-fix-box\">\n\t\t\t\t<img decoding=\"async\" class=\"wp-post-image\"  src=\"https:\/\/marbresrustey.com\/wp-content\/uploads\/2021\/04\/neolith.png\" alt=\"\" \/>\n\t\t\t<\/div>\n\t<\/div><div class=\"wpls-logo-cnt\">\n\t<div class=\"wpls-fix-box\">\n\t\t\t\t<img decoding=\"async\" class=\"wp-post-image\"  src=\"https:\/\/marbresrustey.com\/wp-content\/uploads\/2021\/04\/idylium.png\" alt=\"\" \/>\n\t\t\t<\/div>\n\t<\/div><div class=\"wpls-logo-cnt\">\n\t<div class=\"wpls-fix-box\">\n\t\t\t\t<img decoding=\"async\" class=\"wp-post-image\"  src=\"https:\/\/marbresrustey.com\/wp-content\/uploads\/2021\/04\/lapitec-1.png\" alt=\"\" \/>\n\t\t\t<\/div>\n\t<\/div><div class=\"wpls-logo-cnt\">\n\t<div class=\"wpls-fix-box\">\n\t\t\t\t<img decoding=\"async\" class=\"wp-post-image\"  src=\"https:\/\/marbresrustey.com\/wp-content\/uploads\/2021\/04\/inalco.png\" alt=\"\" \/>\n\t\t\t<\/div>\n\t<\/div>\t\t\t<\/div>\n\t\t<\/div>\n\n\t\t[\/et_pb_text][\/et_pb_column][\/et_pb_row][\/et_pb_section][et_pb_section fb_built=\u00bb1&#8243; _builder_version=\u00bb4.16&#8243; use_background_color_gradient=\u00bbon\u00bb background_color_gradient_stops=\u00bbrgba(63,61,106,0.34) 0%|rgba(63,61,106,0) 100%\u00bb background_color_gradient_overlays_image=\u00bbon\u00bb background_color_gradient_start=\u00bbrgba(63,61,106,0.34)\u00bb background_color_gradient_end=\u00bbrgba(63,61,106,0)\u00bb background_image=\u00bbhttps:\/\/marbresrustey.com\/wp-content\/uploads\/2021\/03\/marbres-rustey-23.jpg\u00bb custom_padding=\u00bb0|0px|60px|0px|false|false\u00bb global_colors_info=\u00bb{}\u00bb][et_pb_row column_structure=\u00bb1_2,1_2&#8243; use_custom_gutter=\u00bbon\u00bb gutter_width=\u00bb1&#8243; make_equal=\u00bbon\u00bb custom_padding_last_edited=\u00bbon|phone\u00bb padding_top_bottom_link_1=\u00bbtrue\u00bb padding_left_right_link_1=\u00bbtrue\u00bb _builder_version=\u00bb4.16&#8243; max_width=\u00bb80%\u00bb custom_padding=\u00bb25px|0px|25px|0px|true|false\u00bb custom_padding_tablet=\u00bb\u00bb custom_padding_phone=\u00bb25px||50px|\u00bb use_custom_width=\u00bbon\u00bb width_unit=\u00bboff\u00bb global_colors_info=\u00bb{}\u00bb][et_pb_column type=\u00bb1_2&#8243; _builder_version=\u00bb4.16&#8243; custom_padding=\u00bb35px|35px|35px|35px\u00bb custom_padding_tablet=\u00bb\u00bb custom_padding_phone=\u00bb||0px|\u00bb custom_padding_last_edited=\u00bbon|phone\u00bb global_colors_info=\u00bb{}\u00bb padding_phone=\u00bb||0px|\u00bb padding_last_edited=\u00bbon|phone\u00bb custom_padding__hover=\u00bb|||\u00bb][et_pb_text _builder_version=\u00bb4.20.2&#8243; text_font=\u00bb||||||||\u00bb text_text_color=\u00bb#ffffff\u00bb text_font_size=\u00bb16px\u00bb header_font=\u00bb||||||||\u00bb header_3_font=\u00bb|||on|||||\u00bb header_3_text_color=\u00bb#ffffff\u00bb header_3_font_size=\u00bb38px\u00bb use_background_color_gradient=\u00bbon\u00bb background_color_gradient_stops=\u00bbrgba(112,112,112,0.63) 0%|rgba(255,255,255,0.24) 100%\u00bb background_color_gradient_start=\u00bbrgba(112,112,112,0.63)\u00bb background_color_gradient_end=\u00bbrgba(255,255,255,0.24)\u00bb custom_margin=\u00bb||0px|\u00bb hover_enabled=\u00bb0&#8243; global_colors_info=\u00bb{}\u00bb sticky_enabled=\u00bb0&#8243;]<\/p>\n<h3 style=\"text-align: center;\">Est\u00e1s buscando<br \/>un material para<br \/>la cocina, el ba\u00f1o<br \/>o piezas de remado?<\/h3>\n<p>[\/et_pb_text][\/et_pb_column][et_pb_column type=\u00bb1_2&#8243; _builder_version=\u00bb4.16&#8243; custom_padding=\u00bb35px|35px|35px|35px\u00bb custom_padding_tablet=\u00bb\u00bb custom_padding_phone=\u00bb||0px|\u00bb custom_padding_last_edited=\u00bbon|phone\u00bb global_colors_info=\u00bb{}\u00bb padding_phone=\u00bb||0px|\u00bb padding_last_edited=\u00bbon|phone\u00bb custom_padding__hover=\u00bb|||\u00bb][et_pb_text _builder_version=\u00bb4.20.2&#8243; _module_preset=\u00bbdefault\u00bb text_text_color=\u00bb#FFFFFF\u00bb custom_margin=\u00bb||41px|||\u00bb hover_enabled=\u00bb0&#8243; global_colors_info=\u00bb{}\u00bb sticky_enabled=\u00bb0&#8243;]<\/p>\n<p>En Marbres Rustey disponemos de restos de m\u00e1rmol, granito y superficies de cuarzo en diferentes colores.<\/p>\n<p>[\/et_pb_text][et_pb_button button_url=\u00bbhttps:\/\/marbresrustey.com\/es\/contacto\u00bb button_text=\u00bbCONTACTA CON NOSOTROS\u00bb _builder_version=\u00bb4.20.2&#8243; custom_button=\u00bbon\u00bb button_text_size=\u00bb16px\u00bb button_text_color=\u00bb#ffffff\u00bb button_bg_color=\u00bb#d61c09&#8243; button_border_width=\u00bb0px\u00bb button_font=\u00bb|600||on|||||\u00bb button_use_icon=\u00bboff\u00bb custom_padding=\u00bb10px|20px|10px|20px|true|true\u00bb hover_enabled=\u00bb0&#8243; box_shadow_style=\u00bbpreset1&#8243; button_bg_color_hover=\u00bb#ef2015&#8243; global_colors_info=\u00bb{}\u00bb button_text_size__hover_enabled=\u00bboff\u00bb button_one_text_size__hover_enabled=\u00bboff\u00bb button_two_text_size__hover_enabled=\u00bboff\u00bb button_text_color__hover_enabled=\u00bboff\u00bb button_one_text_color__hover_enabled=\u00bboff\u00bb button_two_text_color__hover_enabled=\u00bboff\u00bb button_border_width__hover_enabled=\u00bboff\u00bb button_one_border_width__hover_enabled=\u00bboff\u00bb button_two_border_width__hover_enabled=\u00bboff\u00bb button_border_color__hover_enabled=\u00bboff\u00bb button_one_border_color__hover_enabled=\u00bboff\u00bb button_two_border_color__hover_enabled=\u00bboff\u00bb button_border_radius__hover_enabled=\u00bboff\u00bb button_one_border_radius__hover_enabled=\u00bboff\u00bb button_two_border_radius__hover_enabled=\u00bboff\u00bb button_letter_spacing__hover_enabled=\u00bboff\u00bb button_one_letter_spacing__hover_enabled=\u00bboff\u00bb button_two_letter_spacing__hover_enabled=\u00bboff\u00bb button_bg_color__hover_enabled=\u00bbon\u00bb button_bg_color__hover=\u00bb#ef2015&#8243; button_one_bg_color__hover_enabled=\u00bboff\u00bb button_two_bg_color__hover_enabled=\u00bboff\u00bb sticky_enabled=\u00bb0&#8243;][\/et_pb_button][\/et_pb_column][\/et_pb_row][\/et_pb_section]<\/p>\n","protected":false},"excerpt":{"rendered":"<p>[et_pb_section fb_built=&raquo;1&Prime; _builder_version=&raquo;4.16&Prime; use_background_color_gradient=&raquo;on&raquo; background_color_gradient_stops=&raquo;rgba(0,0,0,0) 0%|rgba(0,0,0,0) 100%&raquo; background_color_gradient_overlays_image=&raquo;on&raquo; background_color_gradient_start=&raquo;rgba(0,0,0,0)&raquo; background_color_gradient_end=&raquo;rgba(0,0,0,0)&raquo; background_image=&raquo;https:\/\/marbresrustey.com\/wp-content\/uploads\/2021\/03\/levantina.jpg&raquo; custom_margin=&raquo;|||&raquo; custom_padding=&raquo;35px||0px||false|false&raquo; global_colors_info=&raquo;{}&raquo;][et_pb_row _builder_version=&raquo;4.16&Prime; max_width=&raquo;80%&raquo; custom_margin=&raquo;|||&raquo; custom_padding=&raquo;125px||60px||false|false&raquo; use_custom_width=&raquo;on&raquo; width_unit=&raquo;off&raquo; global_colors_info=&raquo;{}&raquo;][et_pb_column type=&raquo;4_4&Prime; _builder_version=&raquo;4.16&Prime; custom_padding=&raquo;|||&raquo; global_colors_info=&raquo;{}&raquo; custom_padding__hover=&raquo;|||&raquo;][et_pb_text _builder_version=&raquo;4.20.2&Prime; header_font=&raquo;||||||||&raquo; header_text_align=&raquo;center&raquo; header_text_color=&raquo;#ffffff&raquo; header_font_size=&raquo;70px&raquo; max_width=&raquo;45%&raquo; max_width_tablet=&raquo;&raquo; max_width_phone=&raquo;&raquo; max_width_last_edited=&raquo;on|desktop&raquo; module_alignment=&raquo;center&raquo; hover_enabled=&raquo;0&Prime; header_font_size_tablet=&raquo;&raquo; header_font_size_phone=&raquo;48px&raquo; header_font_size_last_edited=&raquo;on|phone&raquo; header_text_shadow_style=&raquo;preset3&Prime; header_text_shadow_horizontal_length=&raquo;0.03em&raquo; header_text_shadow_vertical_length=&raquo;0.03em&raquo; header_text_shadow_blur_strength=&raquo;0.05em&raquo; global_colors_info=&raquo;{}&raquo; sticky_enabled=&raquo;0&Prime;] Proyectos de Cocinas y Ba&ntilde;os [\/et_pb_text][\/et_pb_column][\/et_pb_row][\/et_pb_section][et_pb_section fb_built=&raquo;1&Prime; _builder_version=&raquo;4.16&Prime; _module_preset=&raquo;default&raquo; [&hellip;]<\/p>\n","protected":false},"author":1,"featured_media":0,"parent":0,"menu_order":0,"comment_status":"closed","ping_status":"closed","template":"","meta":{"_et_pb_use_builder":"on","_et_pb_old_content":"","_et_gb_content_width":"","footnotes":""},"class_list":["post-9202","page","type-page","status-publish","hentry"],"yoast_head":"<!-- This site is optimized with the Yoast SEO plugin v27.4 - https:\/\/yoast.com\/product\/yoast-seo-wordpress\/ -->\n<title>Encimeras para cocinas y ba\u00f1os en Girona | Marbres Rustey<\/title>\n<meta name=\"description\" content=\"Encimeras para cocinas y ba\u00f1os en Girona. Escogemos las mejores materias primas para nuestros proyectos, con proveedores de granitos.\" \/>\n<meta name=\"robots\" content=\"index, follow, max-snippet:-1, max-image-preview:large, max-video-preview:-1\" \/>\n<link rel=\"canonical\" href=\"https:\/\/marbresrustey.com\/es\/cocinas-y-banos-girona\" \/>\n<meta property=\"og:locale\" content=\"es_ES\" \/>\n<meta property=\"og:type\" content=\"article\" \/>\n<meta property=\"og:title\" content=\"Encimeras para cocinas y ba\u00f1os en Girona | Marbres Rustey\" \/>\n<meta property=\"og:description\" content=\"Encimeras para cocinas y ba\u00f1os en Girona. Escogemos las mejores materias primas para nuestros proyectos, con proveedores de granitos.\" \/>\n<meta property=\"og:url\" content=\"https:\/\/marbresrustey.com\/es\/cocinas-y-banos-girona\" \/>\n<meta property=\"og:site_name\" content=\"Marbres Rustey\" \/>\n<meta property=\"article:publisher\" content=\"https:\/\/www.facebook.com\/marbresrustey\" \/>\n<meta property=\"article:modified_time\" content=\"2023-03-16T16:08:20+00:00\" \/>\n<meta name=\"twitter:card\" content=\"summary_large_image\" \/>\n<meta name=\"twitter:label1\" content=\"Tiempo de lectura\" \/>\n\t<meta name=\"twitter:data1\" content=\"3 minutos\" \/>\n<script type=\"application\/ld+json\" class=\"yoast-schema-graph\">{\"@context\":\"https:\\\/\\\/schema.org\",\"@graph\":[{\"@type\":\"WebPage\",\"@id\":\"https:\\\/\\\/marbresrustey.com\\\/es\\\/cocinas-y-banos-girona\",\"url\":\"https:\\\/\\\/marbresrustey.com\\\/es\\\/cocinas-y-banos-girona\",\"name\":\"Encimeras para cocinas y ba\u00f1os en Girona | Marbres Rustey\",\"isPartOf\":{\"@id\":\"https:\\\/\\\/marbresrustey.com\\\/es#website\"},\"datePublished\":\"2021-03-28T16:43:15+00:00\",\"dateModified\":\"2023-03-16T16:08:20+00:00\",\"description\":\"Encimeras para cocinas y ba\u00f1os en Girona. Escogemos las mejores materias primas para nuestros proyectos, con proveedores de granitos.\",\"breadcrumb\":{\"@id\":\"https:\\\/\\\/marbresrustey.com\\\/es\\\/cocinas-y-banos-girona#breadcrumb\"},\"inLanguage\":\"es\",\"potentialAction\":[{\"@type\":\"ReadAction\",\"target\":[\"https:\\\/\\\/marbresrustey.com\\\/es\\\/cocinas-y-banos-girona\"]}]},{\"@type\":\"BreadcrumbList\",\"@id\":\"https:\\\/\\\/marbresrustey.com\\\/es\\\/cocinas-y-banos-girona#breadcrumb\",\"itemListElement\":[{\"@type\":\"ListItem\",\"position\":1,\"name\":\"Home\",\"item\":\"https:\\\/\\\/marbresrustey.com\\\/es\"},{\"@type\":\"ListItem\",\"position\":2,\"name\":\"COCINAS Y BA\u00d1OS\"}]},{\"@type\":\"WebSite\",\"@id\":\"https:\\\/\\\/marbresrustey.com\\\/es#website\",\"url\":\"https:\\\/\\\/marbresrustey.com\\\/es\",\"name\":\"Marbres Rustey\",\"description\":\"Especialistes en el treball de la pedra natural, quars i granit\",\"publisher\":{\"@id\":\"https:\\\/\\\/marbresrustey.com\\\/es#organization\"},\"potentialAction\":[{\"@type\":\"SearchAction\",\"target\":{\"@type\":\"EntryPoint\",\"urlTemplate\":\"https:\\\/\\\/marbresrustey.com\\\/es?s={search_term_string}\"},\"query-input\":{\"@type\":\"PropertyValueSpecification\",\"valueRequired\":true,\"valueName\":\"search_term_string\"}}],\"inLanguage\":\"es\"},{\"@type\":\"Organization\",\"@id\":\"https:\\\/\\\/marbresrustey.com\\\/es#organization\",\"name\":\"Marbres Rustey\",\"url\":\"https:\\\/\\\/marbresrustey.com\\\/es\",\"logo\":{\"@type\":\"ImageObject\",\"inLanguage\":\"es\",\"@id\":\"https:\\\/\\\/marbresrustey.com\\\/es#\\\/schema\\\/logo\\\/image\\\/\",\"url\":\"https:\\\/\\\/marbresrustey.com\\\/wp-content\\\/uploads\\\/2021\\\/03\\\/logo_rustey.png\",\"contentUrl\":\"https:\\\/\\\/marbresrustey.com\\\/wp-content\\\/uploads\\\/2021\\\/03\\\/logo_rustey.png\",\"width\":323,\"height\":81,\"caption\":\"Marbres Rustey\"},\"image\":{\"@id\":\"https:\\\/\\\/marbresrustey.com\\\/es#\\\/schema\\\/logo\\\/image\\\/\"},\"sameAs\":[\"https:\\\/\\\/www.facebook.com\\\/marbresrustey\",\"https:\\\/\\\/www.instagram.com\\\/marbresrustey\"]}]}<\/script>\n<!-- \/ Yoast SEO plugin. -->","yoast_head_json":{"title":"Encimeras para cocinas y ba\u00f1os en Girona | Marbres Rustey","description":"Encimeras para cocinas y ba\u00f1os en Girona. Escogemos las mejores materias primas para nuestros proyectos, con proveedores de granitos.","robots":{"index":"index","follow":"follow","max-snippet":"max-snippet:-1","max-image-preview":"max-image-preview:large","max-video-preview":"max-video-preview:-1"},"canonical":"https:\/\/marbresrustey.com\/es\/cocinas-y-banos-girona","og_locale":"es_ES","og_type":"article","og_title":"Encimeras para cocinas y ba\u00f1os en Girona | Marbres Rustey","og_description":"Encimeras para cocinas y ba\u00f1os en Girona. Escogemos las mejores materias primas para nuestros proyectos, con proveedores de granitos.","og_url":"https:\/\/marbresrustey.com\/es\/cocinas-y-banos-girona","og_site_name":"Marbres Rustey","article_publisher":"https:\/\/www.facebook.com\/marbresrustey","article_modified_time":"2023-03-16T16:08:20+00:00","twitter_card":"summary_large_image","twitter_misc":{"Tiempo de lectura":"3 minutos"},"schema":{"@context":"https:\/\/schema.org","@graph":[{"@type":"WebPage","@id":"https:\/\/marbresrustey.com\/es\/cocinas-y-banos-girona","url":"https:\/\/marbresrustey.com\/es\/cocinas-y-banos-girona","name":"Encimeras para cocinas y ba\u00f1os en Girona | Marbres Rustey","isPartOf":{"@id":"https:\/\/marbresrustey.com\/es#website"},"datePublished":"2021-03-28T16:43:15+00:00","dateModified":"2023-03-16T16:08:20+00:00","description":"Encimeras para cocinas y ba\u00f1os en Girona. Escogemos las mejores materias primas para nuestros proyectos, con proveedores de granitos.","breadcrumb":{"@id":"https:\/\/marbresrustey.com\/es\/cocinas-y-banos-girona#breadcrumb"},"inLanguage":"es","potentialAction":[{"@type":"ReadAction","target":["https:\/\/marbresrustey.com\/es\/cocinas-y-banos-girona"]}]},{"@type":"BreadcrumbList","@id":"https:\/\/marbresrustey.com\/es\/cocinas-y-banos-girona#breadcrumb","itemListElement":[{"@type":"ListItem","position":1,"name":"Home","item":"https:\/\/marbresrustey.com\/es"},{"@type":"ListItem","position":2,"name":"COCINAS Y BA\u00d1OS"}]},{"@type":"WebSite","@id":"https:\/\/marbresrustey.com\/es#website","url":"https:\/\/marbresrustey.com\/es","name":"Marbres Rustey","description":"Especialistes en el treball de la pedra natural, quars i granit","publisher":{"@id":"https:\/\/marbresrustey.com\/es#organization"},"potentialAction":[{"@type":"SearchAction","target":{"@type":"EntryPoint","urlTemplate":"https:\/\/marbresrustey.com\/es?s={search_term_string}"},"query-input":{"@type":"PropertyValueSpecification","valueRequired":true,"valueName":"search_term_string"}}],"inLanguage":"es"},{"@type":"Organization","@id":"https:\/\/marbresrustey.com\/es#organization","name":"Marbres Rustey","url":"https:\/\/marbresrustey.com\/es","logo":{"@type":"ImageObject","inLanguage":"es","@id":"https:\/\/marbresrustey.com\/es#\/schema\/logo\/image\/","url":"https:\/\/marbresrustey.com\/wp-content\/uploads\/2021\/03\/logo_rustey.png","contentUrl":"https:\/\/marbresrustey.com\/wp-content\/uploads\/2021\/03\/logo_rustey.png","width":323,"height":81,"caption":"Marbres Rustey"},"image":{"@id":"https:\/\/marbresrustey.com\/es#\/schema\/logo\/image\/"},"sameAs":["https:\/\/www.facebook.com\/marbresrustey","https:\/\/www.instagram.com\/marbresrustey"]}]}},"_links":{"self":[{"href":"https:\/\/marbresrustey.com\/es\/wp-json\/wp\/v2\/pages\/9202","targetHints":{"allow":["GET"]}}],"collection":[{"href":"https:\/\/marbresrustey.com\/es\/wp-json\/wp\/v2\/pages"}],"about":[{"href":"https:\/\/marbresrustey.com\/es\/wp-json\/wp\/v2\/types\/page"}],"author":[{"embeddable":true,"href":"https:\/\/marbresrustey.com\/es\/wp-json\/wp\/v2\/users\/1"}],"replies":[{"embeddable":true,"href":"https:\/\/marbresrustey.com\/es\/wp-json\/wp\/v2\/comments?post=9202"}],"version-history":[{"count":0,"href":"https:\/\/marbresrustey.com\/es\/wp-json\/wp\/v2\/pages\/9202\/revisions"}],"wp:attachment":[{"href":"https:\/\/marbresrustey.com\/es\/wp-json\/wp\/v2\/media?parent=9202"}],"curies":[{"name":"wp","href":"https:\/\/api.w.org\/{rel}","templated":true}]}}